{"id":3518,"date":"2025-01-16T13:54:29","date_gmt":"2025-01-16T13:54:29","guid":{"rendered":"https:\/\/belairbahamas.com\/?page_id=3518"},"modified":"2025-03-12T19:57:47","modified_gmt":"2025-03-12T19:57:47","slug":"why-our-location-in-north-eleuthera","status":"publish","type":"page","link":"https:\/\/belairbahamas.com\/fr\/real-estate\/why-our-location-in-north-eleuthera\/","title":{"rendered":"Pourquoi construire notre projet pr\u00e9cis\u00e9ment \u00e0 cet endroit de North Eleuthera ?"},"content":{"rendered":"<div class=\"wpb-content-wrapper\"><div class=\"vc_row wpb_row vc_row-fluid vc_custom_1737060476339\"><div class=\"wpb_column vc_column_container vc_col-sm-12\"><div class=\"vc_column-inner\"><div class=\"wpb_wrapper\"><div id=\"ultimate-heading-739069d13b32180b8\" class=\"uvc-heading ult-adjust-bottom-margin ultimate-heading-739069d13b32180b8 uvc-7059 shadow-black\" data-hspacer=\"no_spacer\"  data-halign=\"center\" style=\"text-align:center\"><div class=\"uvc-heading-spacer no_spacer\" style=\"top\"><\/div><div class=\"uvc-main-heading ult-responsive\"  data-ultimate-target='.uvc-heading.ultimate-heading-739069d13b32180b8 h1'  data-responsive-json-new='{\"font-size\":\"desktop:45px;\",\"line-height\":\"\"}' ><h1 style=\"font-family:&#039;Alex Brush&#039;;font-style:italic;--font-weight:theme;color:#FFFFFF;margin-top:-220px;\">Une Nature Intacte et Pr\u00e9serv\u00e9e<\/h1><\/div><\/div><\/div><\/div><\/div><\/div><!-- Row Backgrounds --><div class=\"upb_bg_img\" data-ultimate-bg=\"url(https:\/\/belairbahamas.com\/wp-content\/uploads\/2025\/01\/North-ELeuthera.webp)\" data-image-id=\"id^3607|url^https:\/\/belairbahamas.com\/wp-content\/uploads\/2025\/01\/North-ELeuthera.webp|caption^null|alt^null|title^North ELeuthera|description^null\" data-ultimate-bg-style=\"vcpb-default\" data-bg-img-repeat=\"no-repeat\" data-bg-img-size=\"cover\" data-bg-img-position=\"\" data-parallx_sense=\"30\" data-bg-override=\"full\" data-bg_img_attach=\"scroll\" data-upb-overlay-color=\"\" data-upb-bg-animation=\"\" data-fadeout=\"\" data-bg-animation=\"left-animation\" data-bg-animation-type=\"h\" data-animation-repeat=\"repeat\" data-fadeout-percentage=\"30\" data-parallax-content=\"\" data-parallax-content-sense=\"30\" data-row-effect-mobile-disable=\"true\" data-img-parallax-mobile-disable=\"true\" data-rtl=\"false\"  data-custom-vc-row=\"\"  data-vc=\"8.7.2\"  data-is_old_vc=\"\"  data-theme-support=\"\"   data-overlay=\"false\" data-overlay-color=\"\" data-overlay-pattern=\"\" data-overlay-pattern-opacity=\"\" data-overlay-pattern-size=\"\"    ><\/div><div class=\"vc_row wpb_row vc_row-fluid dt-default\" style=\"margin-top: 0px;margin-bottom: 0px\"><div class=\"wpb_column vc_column_container vc_col-sm-2\"><div class=\"vc_column-inner\"><div class=\"wpb_wrapper\"><\/div><\/div><\/div><div class=\"wpb_column vc_column_container vc_col-sm-8\"><div class=\"vc_column-inner\"><div class=\"wpb_wrapper\"><div id=\"ultimate-heading-324269d13b3218dbb\" class=\"uvc-heading ult-adjust-bottom-margin ultimate-heading-324269d13b3218dbb uvc-3058  uvc-heading-default-font-sizes\" data-hspacer=\"line_only\"  data-halign=\"center\" style=\"text-align:center\"><div class=\"uvc-main-heading ult-responsive\"  data-ultimate-target='.uvc-heading.ultimate-heading-324269d13b3218dbb h1'  data-responsive-json-new='{\"font-size\":\"\",\"line-height\":\"\"}' ><h1 style=\"--font-weight:theme;margin-top:20px;margin-bottom:5px;\">Pourquoi construire notre projet pr\u00e9cis\u00e9ment \u00e0 cet endroit de North Eleuthera ?<\/h1><\/div><div class=\"uvc-heading-spacer line_only\" style=\"topheight:1px;\"><span class=\"uvc-headings-line\" style=\"border-style:solid;border-bottom-width:1px;border-color:#a79f88;width:300px;\"><\/span><\/div><div class=\"uvc-sub-heading ult-responsive\"  data-ultimate-target='.uvc-heading.ultimate-heading-324269d13b3218dbb .uvc-sub-heading '  data-responsive-json-new='{\"font-size\":\"\",\"line-height\":\"\"}'  style=\"font-weight:normal;font-style:normal;margin-top:8px;margin-bottom:15px;\">Au Bel Air Resorts Group, nous nous engageons \u00e0 ne s\u00e9lectionner que les propri\u00e9t\u00e9s les plus exceptionnelles, en veillant \u00e0 l'\u00e9quilibre parfait entre l'emplacement, la beaut\u00e9 naturelle et l'aspect pratique. Notre processus de d\u00e9cision m\u00e9ticuleux et multidimensionnel refl\u00e8te notre volont\u00e9 de cr\u00e9er des exp\u00e9riences in\u00e9gal\u00e9es. En tant que centre de vill\u00e9giature de luxe aux Bahamas, nous accordons la priorit\u00e9 \u00e0 une conception et \u00e0 des \u00e9quipements de classe mondiale, offrant un lieu de retraite exclusif qui se fond dans l'\u00e9l\u00e9gance et dans l'environnement \u00e9poustouflant de l'\u00eele.<\/div><\/div><\/div><\/div><\/div><div class=\"wpb_column vc_column_container vc_col-sm-2\"><div class=\"vc_column-inner\"><div class=\"wpb_wrapper\"><\/div><\/div><\/div><\/div><div class=\"vc_row wpb_row vc_row-fluid vc_custom_1738680795727 vc_row-o-content-top vc_row-flex\"><div class=\"wpb_column vc_column_container vc_col-sm-12\"><div class=\"vc_column-inner\"><div class=\"wpb_wrapper\"><div class=\"vc_row wpb_row vc_inner vc_row-fluid\"><div class=\"wpb_column vc_column_container vc_col-sm-6\"><div class=\"vc_column-inner\"><div class=\"wpb_wrapper\">\n\t<div  class=\"wpb_single_image wpb_content_element vc_align_center\">\n\t\t\n\t\t<figure class=\"wpb_wrapper vc_figure\">\n\t\t\t<div class=\"vc_single_image-wrapper vc_box_shadow  vc_box_border_grey\"><img decoding=\"async\" class=\"vc_single_image-img\" src=\"https:\/\/belairbahamas.com\/wp-content\/uploads\/2025\/01\/the-resort-land-1000x800.webp\" width=\"1000\" height=\"800\" alt=\"luxury resort bahamas\" title=\"the resort land\" loading=\"lazy\"  data-dt-location=\"https:\/\/belairbahamas.com\/fr\/real-estate\/why-our-location-in-north-eleuthera\/the-resort-land\/\" \/><\/div>\n\t\t<\/figure>\n\t<\/div>\n<\/div><\/div><\/div><div class=\"wpb_column vc_column_container vc_col-sm-6\"><div class=\"vc_column-inner vc_custom_1736442908210\"><div class=\"wpb_wrapper\"><div id=\"ultimate-heading-586269d13b321a023\" class=\"uvc-heading ult-adjust-bottom-margin ultimate-heading-586269d13b321a023 uvc-4781  uvc-heading-default-font-sizes\" data-hspacer=\"no_spacer\"  data-halign=\"left\" style=\"text-align:left\"><div class=\"uvc-heading-spacer no_spacer\" style=\"top\"><\/div><div class=\"uvc-sub-heading ult-responsive\"  data-ultimate-target='.uvc-heading.ultimate-heading-586269d13b321a023 .uvc-sub-heading '  data-responsive-json-new='{\"font-size\":\"\",\"line-height\":\"\"}'  style=\"font-family:&#039;Montserrat&#039;;font-weight:normal;font-style:normal;margin-top:8px;margin-bottom:15px;\"><\/p>\n<p style=\"text-align: left;\">La d\u00e9couverte de cette remarquable propri\u00e9t\u00e9 est le r\u00e9sultat d'ann\u00e9es de prospection et d'\u00e9valuation minutieuses. Chaque aspect, de sa vue imprenable sur l'oc\u00e9an \u00e0 son environnement serein, a \u00e9t\u00e9 m\u00e9ticuleusement examin\u00e9 pour s'assurer qu'il r\u00e9pondait aux normes les plus \u00e9lev\u00e9es en mati\u00e8re d'exclusivit\u00e9, de luxe et de potentiel d'investissement \u00e0 long terme.<\/p>\n<p><\/div><\/div><div class=\"standard-arrow bullet-top\"><p><strong>Voici pourquoi ce lieu est v\u00e9ritablement unique :<\/strong><\/p>\n<ul>\n<li><strong>Un Emplacement Strat\u00e9gique :<\/strong> Situ\u00e9 \u00e0 seulement 20 minutes de l\u2019a\u00e9roport de North Eleuthera, le plus fr\u00e9quent\u00e9 de l\u2019\u00eele, offrant des connexions a\u00e9riennes rapides et faciles.<\/li>\n<li><strong>Une Nature Pr\u00e9serv\u00e9e :<\/strong> Le site offre des paysages vierges et intacts, mettant en valeur la splendeur naturelle et immacul\u00e9e des Bahamas.<\/li>\n<li><strong>S\u00e9curit\u00e9 et \u00c9l\u00e9vation<\/strong> Perch\u00e9 au sommet d\u2019une falaise, bien au-dessus du niveau de la mer, le site est prot\u00e9g\u00e9 des risques d\u2019inondation tout en offrant des vues panoramiques spectaculaires.<\/li>\n<li><strong>Une Topographie Id\u00e9ale :<\/strong> Ses pentes douces permettent des constructions qui maximisent les vues exceptionnelles sur les environs.<\/li>\n<li><strong>Des Eaux Calmes et Prot\u00e9g\u00e9es :<\/strong> Orient\u00e9e vers la mer des Cara\u00efbes, la propri\u00e9t\u00e9 b\u00e9n\u00e9ficie de conditions naturellement abrit\u00e9es, \u00e0 l\u2019inverse des rivages plus expos\u00e9s du c\u00f4t\u00e9 Atlantique.<\/li>\n<li><strong>Un Sol de Qualit\u00e9 Sup\u00e9rieure :<\/strong> Le terrain repose sur une couche de roche solide, garantissant des fondations stables et durables pour des constructions de haute qualit\u00e9.<\/li>\n<\/ul>\n<\/div><div id=\"ultimate-heading-37169d13b321a0e8\" class=\"uvc-heading ult-adjust-bottom-margin ultimate-heading-37169d13b321a0e8 uvc-3699  uvc-heading-default-font-sizes\" data-hspacer=\"no_spacer\"  data-halign=\"center\" style=\"text-align:center\"><div class=\"uvc-heading-spacer no_spacer\" style=\"top\"><\/div><div class=\"uvc-sub-heading ult-responsive\"  data-ultimate-target='.uvc-heading.ultimate-heading-37169d13b321a0e8 .uvc-sub-heading '  data-responsive-json-new='{\"font-size\":\"\",\"line-height\":\"\"}'  style=\"font-weight:normal;\"><\/p>\n<p style=\"text-align: left;\">\u00c0 Bel Air Bahamas, nous pensons que des propri\u00e9t\u00e9s exceptionnelles sont \u00e0 la base d'exp\u00e9riences extraordinaires. Ce terrain est vraiment unique en son genre. Notre vision d'un complexe h\u00f4telier de luxe aux Bahamas se concentre sur l'int\u00e9gration transparente d'un confort de classe mondiale \u00e0 la beaut\u00e9 naturelle de l'\u00eele, offrant une retraite exclusive aux voyageurs et investisseurs exigeants. Avec <a href=\"https:\/\/belairbahamas.com\/fr\/lodging\/\">des logements m\u00e9ticuleusement con\u00e7us<\/a>, <a href=\"https:\/\/belairbahamas.com\/fr\/wellness\/\">state-of-the-art wellness facilities<\/a>Bel Air Bahamas red\u00e9finit la vie sur l'\u00eele, avec ses plages priv\u00e9es, ses paysages luxuriants et ses restaurants raffin\u00e9s. Les r\u00e9sidents et les invit\u00e9s profiteront de plages priv\u00e9es, de paysages luxuriants et de services personnalis\u00e9s, cr\u00e9ant ainsi un havre de tranquillit\u00e9 et d'\u00e9l\u00e9gance in\u00e9gal\u00e9 dans les Cara\u00efbes.<\/p>\n<p><\/div><\/div><\/div><\/div><\/div><\/div><\/div><\/div><\/div><\/div>\n<\/div>","protected":false},"excerpt":{"rendered":"<p>Pristine and Untamed Natural BeautyWhy our location in North Eleuthera?At Bel Air Resorts Group, we are committed to selecting only the most exceptional properties, ensuring the perfect balance of location, natural beauty, and practicality. Our meticulous, multi-faceted decision-making process reflects our dedication to creating unparalleled experiences. As a luxury resort Bahamas destination, we prioritize world-class&hellip;<\/p>","protected":false},"author":4,"featured_media":3607,"parent":3816,"menu_order":0,"comment_status":"closed","ping_status":"closed","template":"","meta":{"footnotes":""},"class_list":["post-3518","page","type-page","status-publish","has-post-thumbnail","hentry","description-off"],"yoast_head":"<!-- This site is optimized with the Yoast SEO Premium plugin v26.7 (Yoast SEO v27.3) - https:\/\/yoast.com\/product\/yoast-seo-premium-wordpress\/ -->\n<title>Luxury resort Bahamas | Bel Air Bahamas North Eleuthera<\/title>\n<meta name=\"description\" content=\"Experience the ultimate Bel Air luxury resort at Bahamas, where stunning ocean views and elegant accommodations redefine island living.\" \/>\n<meta name=\"robots\" content=\"index, follow, max-snippet:-1, max-image-preview:large, max-video-preview:-1\" \/>\n<link rel=\"canonical\" href=\"https:\/\/belairbahamas.com\/fr\/real-estate\/why-our-location-in-north-eleuthera\/\" \/>\n<meta property=\"og:locale\" content=\"fr_FR\" \/>\n<meta property=\"og:type\" content=\"article\" \/>\n<meta property=\"og:title\" content=\"Why our location in North Eleuthera?\" \/>\n<meta property=\"og:description\" content=\"Experience the ultimate Bel Air luxury resort at Bahamas, where stunning ocean views and elegant accommodations redefine island living.\" \/>\n<meta property=\"og:url\" content=\"https:\/\/belairbahamas.com\/fr\/real-estate\/why-our-location-in-north-eleuthera\/\" \/>\n<meta property=\"og:site_name\" content=\"Bel Air Bahamas\" \/>\n<meta property=\"article:modified_time\" content=\"2025-03-12T19:57:47+00:00\" \/>\n<meta property=\"og:image\" content=\"https:\/\/belairbahamas.com\/wp-content\/uploads\/2025\/01\/North-ELeuthera.webp\" \/>\n\t<meta property=\"og:image:width\" content=\"1920\" \/>\n\t<meta property=\"og:image:height\" content=\"600\" \/>\n\t<meta property=\"og:image:type\" content=\"image\/webp\" \/>\n<meta name=\"twitter:card\" content=\"summary_large_image\" \/>\n<meta name=\"twitter:label1\" content=\"Dur\u00e9e de lecture estim\u00e9e\" \/>\n\t<meta name=\"twitter:data1\" content=\"3 minutes\" \/>\n<script type=\"application\/ld+json\" class=\"yoast-schema-graph\">{\"@context\":\"https:\\\/\\\/schema.org\",\"@graph\":[{\"@type\":\"WebPage\",\"@id\":\"https:\\\/\\\/belairbahamas.com\\\/real-estate\\\/why-our-location-in-north-eleuthera\\\/\",\"url\":\"https:\\\/\\\/belairbahamas.com\\\/real-estate\\\/why-our-location-in-north-eleuthera\\\/\",\"name\":\"Luxury resort Bahamas | Bel Air Bahamas North Eleuthera\",\"isPartOf\":{\"@id\":\"https:\\\/\\\/belairbahamas.com\\\/#website\"},\"primaryImageOfPage\":{\"@id\":\"https:\\\/\\\/belairbahamas.com\\\/real-estate\\\/why-our-location-in-north-eleuthera\\\/#primaryimage\"},\"image\":{\"@id\":\"https:\\\/\\\/belairbahamas.com\\\/real-estate\\\/why-our-location-in-north-eleuthera\\\/#primaryimage\"},\"thumbnailUrl\":\"https:\\\/\\\/belairbahamas.com\\\/wp-content\\\/uploads\\\/2025\\\/01\\\/North-ELeuthera.webp\",\"datePublished\":\"2025-01-16T13:54:29+00:00\",\"dateModified\":\"2025-03-12T19:57:47+00:00\",\"description\":\"Experience the ultimate Bel Air luxury resort at Bahamas, where stunning ocean views and elegant accommodations redefine island living.\",\"breadcrumb\":{\"@id\":\"https:\\\/\\\/belairbahamas.com\\\/real-estate\\\/why-our-location-in-north-eleuthera\\\/#breadcrumb\"},\"inLanguage\":\"fr-FR\",\"potentialAction\":[{\"@type\":\"ReadAction\",\"target\":[\"https:\\\/\\\/belairbahamas.com\\\/real-estate\\\/why-our-location-in-north-eleuthera\\\/\"]}]},{\"@type\":\"ImageObject\",\"inLanguage\":\"fr-FR\",\"@id\":\"https:\\\/\\\/belairbahamas.com\\\/real-estate\\\/why-our-location-in-north-eleuthera\\\/#primaryimage\",\"url\":\"https:\\\/\\\/belairbahamas.com\\\/wp-content\\\/uploads\\\/2025\\\/01\\\/North-ELeuthera.webp\",\"contentUrl\":\"https:\\\/\\\/belairbahamas.com\\\/wp-content\\\/uploads\\\/2025\\\/01\\\/North-ELeuthera.webp\",\"width\":1920,\"height\":600,\"caption\":\"luxury resort bahamas\"},{\"@type\":\"BreadcrumbList\",\"@id\":\"https:\\\/\\\/belairbahamas.com\\\/real-estate\\\/why-our-location-in-north-eleuthera\\\/#breadcrumb\",\"itemListElement\":[{\"@type\":\"ListItem\",\"position\":1,\"name\":\"Home\",\"item\":\"https:\\\/\\\/belairbahamas.com\\\/\"},{\"@type\":\"ListItem\",\"position\":2,\"name\":\"Real Estate\",\"item\":\"https:\\\/\\\/belairbahamas.com\\\/real-estate\\\/\"},{\"@type\":\"ListItem\",\"position\":3,\"name\":\"Why our location in North Eleuthera?\"}]},{\"@type\":\"WebSite\",\"@id\":\"https:\\\/\\\/belairbahamas.com\\\/#website\",\"url\":\"https:\\\/\\\/belairbahamas.com\\\/\",\"name\":\"Bel Air Bahamas\",\"description\":\"Luxury Resort in Bahamas\",\"publisher\":{\"@id\":\"https:\\\/\\\/belairbahamas.com\\\/#organization\"},\"potentialAction\":[{\"@type\":\"SearchAction\",\"target\":{\"@type\":\"EntryPoint\",\"urlTemplate\":\"https:\\\/\\\/belairbahamas.com\\\/?s={search_term_string}\"},\"query-input\":{\"@type\":\"PropertyValueSpecification\",\"valueRequired\":true,\"valueName\":\"search_term_string\"}}],\"inLanguage\":\"fr-FR\"},{\"@type\":\"Organization\",\"@id\":\"https:\\\/\\\/belairbahamas.com\\\/#organization\",\"name\":\"Bel Air Bahamas\",\"url\":\"https:\\\/\\\/belairbahamas.com\\\/\",\"logo\":{\"@type\":\"ImageObject\",\"inLanguage\":\"fr-FR\",\"@id\":\"https:\\\/\\\/belairbahamas.com\\\/#\\\/schema\\\/logo\\\/image\\\/\",\"url\":\"https:\\\/\\\/belairbahamas.com\\\/wp-content\\\/uploads\\\/2022\\\/09\\\/BA-Bahamas-logo-250.png\",\"contentUrl\":\"https:\\\/\\\/belairbahamas.com\\\/wp-content\\\/uploads\\\/2022\\\/09\\\/BA-Bahamas-logo-250.png\",\"width\":250,\"height\":125,\"caption\":\"Bel Air Bahamas\"},\"image\":{\"@id\":\"https:\\\/\\\/belairbahamas.com\\\/#\\\/schema\\\/logo\\\/image\\\/\"}}]}<\/script>\n<!-- \/ Yoast SEO Premium plugin. -->","yoast_head_json":{"title":"Luxury resort Bahamas | Bel Air Bahamas North Eleuthera","description":"Experience the ultimate Bel Air luxury resort at Bahamas, where stunning ocean views and elegant accommodations redefine island living.","robots":{"index":"index","follow":"follow","max-snippet":"max-snippet:-1","max-image-preview":"max-image-preview:large","max-video-preview":"max-video-preview:-1"},"canonical":"https:\/\/belairbahamas.com\/fr\/real-estate\/why-our-location-in-north-eleuthera\/","og_locale":"fr_FR","og_type":"article","og_title":"Why our location in North Eleuthera?","og_description":"Experience the ultimate Bel Air luxury resort at Bahamas, where stunning ocean views and elegant accommodations redefine island living.","og_url":"https:\/\/belairbahamas.com\/fr\/real-estate\/why-our-location-in-north-eleuthera\/","og_site_name":"Bel Air Bahamas","article_modified_time":"2025-03-12T19:57:47+00:00","og_image":[{"width":1920,"height":600,"url":"https:\/\/belairbahamas.com\/wp-content\/uploads\/2025\/01\/North-ELeuthera.webp","type":"image\/webp"}],"twitter_card":"summary_large_image","twitter_misc":{"Dur\u00e9e de lecture estim\u00e9e":"3 minutes"},"schema":{"@context":"https:\/\/schema.org","@graph":[{"@type":"WebPage","@id":"https:\/\/belairbahamas.com\/real-estate\/why-our-location-in-north-eleuthera\/","url":"https:\/\/belairbahamas.com\/real-estate\/why-our-location-in-north-eleuthera\/","name":"Luxury resort Bahamas | Bel Air Bahamas North Eleuthera","isPartOf":{"@id":"https:\/\/belairbahamas.com\/#website"},"primaryImageOfPage":{"@id":"https:\/\/belairbahamas.com\/real-estate\/why-our-location-in-north-eleuthera\/#primaryimage"},"image":{"@id":"https:\/\/belairbahamas.com\/real-estate\/why-our-location-in-north-eleuthera\/#primaryimage"},"thumbnailUrl":"https:\/\/belairbahamas.com\/wp-content\/uploads\/2025\/01\/North-ELeuthera.webp","datePublished":"2025-01-16T13:54:29+00:00","dateModified":"2025-03-12T19:57:47+00:00","description":"Experience the ultimate Bel Air luxury resort at Bahamas, where stunning ocean views and elegant accommodations redefine island living.","breadcrumb":{"@id":"https:\/\/belairbahamas.com\/real-estate\/why-our-location-in-north-eleuthera\/#breadcrumb"},"inLanguage":"fr-FR","potentialAction":[{"@type":"ReadAction","target":["https:\/\/belairbahamas.com\/real-estate\/why-our-location-in-north-eleuthera\/"]}]},{"@type":"ImageObject","inLanguage":"fr-FR","@id":"https:\/\/belairbahamas.com\/real-estate\/why-our-location-in-north-eleuthera\/#primaryimage","url":"https:\/\/belairbahamas.com\/wp-content\/uploads\/2025\/01\/North-ELeuthera.webp","contentUrl":"https:\/\/belairbahamas.com\/wp-content\/uploads\/2025\/01\/North-ELeuthera.webp","width":1920,"height":600,"caption":"luxury resort bahamas"},{"@type":"BreadcrumbList","@id":"https:\/\/belairbahamas.com\/real-estate\/why-our-location-in-north-eleuthera\/#breadcrumb","itemListElement":[{"@type":"ListItem","position":1,"name":"Home","item":"https:\/\/belairbahamas.com\/"},{"@type":"ListItem","position":2,"name":"Real Estate","item":"https:\/\/belairbahamas.com\/real-estate\/"},{"@type":"ListItem","position":3,"name":"Why our location in North Eleuthera?"}]},{"@type":"WebSite","@id":"https:\/\/belairbahamas.com\/#website","url":"https:\/\/belairbahamas.com\/","name":"Bel Air Bahamas","description":"Luxury Resort in Bahamas","publisher":{"@id":"https:\/\/belairbahamas.com\/#organization"},"potentialAction":[{"@type":"SearchAction","target":{"@type":"EntryPoint","urlTemplate":"https:\/\/belairbahamas.com\/?s={search_term_string}"},"query-input":{"@type":"PropertyValueSpecification","valueRequired":true,"valueName":"search_term_string"}}],"inLanguage":"fr-FR"},{"@type":"Organization","@id":"https:\/\/belairbahamas.com\/#organization","name":"Bel Air Bahamas","url":"https:\/\/belairbahamas.com\/","logo":{"@type":"ImageObject","inLanguage":"fr-FR","@id":"https:\/\/belairbahamas.com\/#\/schema\/logo\/image\/","url":"https:\/\/belairbahamas.com\/wp-content\/uploads\/2022\/09\/BA-Bahamas-logo-250.png","contentUrl":"https:\/\/belairbahamas.com\/wp-content\/uploads\/2022\/09\/BA-Bahamas-logo-250.png","width":250,"height":125,"caption":"Bel Air Bahamas"},"image":{"@id":"https:\/\/belairbahamas.com\/#\/schema\/logo\/image\/"}}]}},"_links":{"self":[{"href":"https:\/\/belairbahamas.com\/fr\/wp-json\/wp\/v2\/pages\/3518","targetHints":{"allow":["GET"]}}],"collection":[{"href":"https:\/\/belairbahamas.com\/fr\/wp-json\/wp\/v2\/pages"}],"about":[{"href":"https:\/\/belairbahamas.com\/fr\/wp-json\/wp\/v2\/types\/page"}],"author":[{"embeddable":true,"href":"https:\/\/belairbahamas.com\/fr\/wp-json\/wp\/v2\/users\/4"}],"replies":[{"embeddable":true,"href":"https:\/\/belairbahamas.com\/fr\/wp-json\/wp\/v2\/comments?post=3518"}],"version-history":[{"count":0,"href":"https:\/\/belairbahamas.com\/fr\/wp-json\/wp\/v2\/pages\/3518\/revisions"}],"up":[{"embeddable":true,"href":"https:\/\/belairbahamas.com\/fr\/wp-json\/wp\/v2\/pages\/3816"}],"wp:featuredmedia":[{"embeddable":true,"href":"https:\/\/belairbahamas.com\/fr\/wp-json\/wp\/v2\/media\/3607"}],"wp:attachment":[{"href":"https:\/\/belairbahamas.com\/fr\/wp-json\/wp\/v2\/media?parent=3518"}],"curies":[{"name":"wp","href":"https:\/\/api.w.org\/{rel}","templated":true}]}}