{"id":3426,"date":"2025-01-13T14:27:52","date_gmt":"2025-01-13T14:27:52","guid":{"rendered":"https:\/\/belairbahamas.com\/?page_id=3426"},"modified":"2025-03-13T15:59:57","modified_gmt":"2025-03-13T15:59:57","slug":"why-invest-in-the-bahamas","status":"publish","type":"page","link":"https:\/\/belairbahamas.com\/fr\/real-estate\/why-invest-in-the-bahamas\/","title":{"rendered":"Pourquoi Investir aux Bahamas ?"},"content":{"rendered":"<div class=\"wpb-content-wrapper\"><div class=\"vc_row wpb_row vc_row-fluid vc_custom_1737141366027\"><div class=\"wpb_column vc_column_container vc_col-sm-12\"><div class=\"vc_column-inner\"><div class=\"wpb_wrapper\"><div id=\"ultimate-heading-140169e0868835ff9\" class=\"uvc-heading ult-adjust-bottom-margin ultimate-heading-140169e0868835ff9 uvc-9417 shadow-black\" data-hspacer=\"no_spacer\"  data-halign=\"center\" style=\"text-align:center\"><div class=\"uvc-heading-spacer no_spacer\" style=\"top\"><\/div><div class=\"uvc-main-heading ult-responsive\"  data-ultimate-target='.uvc-heading.ultimate-heading-140169e0868835ff9 h1'  data-responsive-json-new='{\"font-size\":\"desktop:45px;\",\"line-height\":\"\"}' ><h1 style=\"font-family:&#039;Alex Brush&#039;;font-style:italic;--font-weight:theme;color:#FFFFFF;margin-top:-220px;\">Pour un Investissement Strat\u00e9gique, Choisissez les Bahamas<\/h1><\/div><\/div><\/div><\/div><\/div><\/div><!-- Row Backgrounds --><div class=\"upb_bg_img\" data-ultimate-bg=\"url(https:\/\/belairbahamas.com\/wp-content\/uploads\/2025\/01\/la-palmeraie.webp)\" data-image-id=\"id^3654|url^https:\/\/belairbahamas.com\/wp-content\/uploads\/2025\/01\/la-palmeraie.webp|caption^null|alt^null|title^la palmeraie|description^null\" data-ultimate-bg-style=\"vcpb-default\" data-bg-img-repeat=\"no-repeat\" data-bg-img-size=\"cover\" data-bg-img-position=\"\" data-parallx_sense=\"30\" data-bg-override=\"full\" data-bg_img_attach=\"scroll\" data-upb-overlay-color=\"\" data-upb-bg-animation=\"\" data-fadeout=\"\" data-bg-animation=\"left-animation\" data-bg-animation-type=\"h\" data-animation-repeat=\"repeat\" data-fadeout-percentage=\"30\" data-parallax-content=\"\" data-parallax-content-sense=\"30\" data-row-effect-mobile-disable=\"true\" data-img-parallax-mobile-disable=\"true\" data-rtl=\"false\"  data-custom-vc-row=\"\"  data-vc=\"8.7.2\"  data-is_old_vc=\"\"  data-theme-support=\"\"   data-overlay=\"false\" data-overlay-color=\"\" data-overlay-pattern=\"\" data-overlay-pattern-opacity=\"\" data-overlay-pattern-size=\"\"    ><\/div><div class=\"vc_row wpb_row vc_row-fluid dt-default\" style=\"margin-top: 0px;margin-bottom: 0px\"><div class=\"wpb_column vc_column_container vc_col-sm-2\"><div class=\"vc_column-inner\"><div class=\"wpb_wrapper\"><\/div><\/div><\/div><div class=\"wpb_column vc_column_container vc_col-sm-8\"><div class=\"vc_column-inner\"><div class=\"wpb_wrapper\"><div id=\"ultimate-heading-521569e0868836fbf\" class=\"uvc-heading ult-adjust-bottom-margin ultimate-heading-521569e0868836fbf uvc-8528  uvc-heading-default-font-sizes\" data-hspacer=\"line_only\"  data-halign=\"center\" style=\"text-align:center\"><div class=\"uvc-main-heading ult-responsive\"  data-ultimate-target='.uvc-heading.ultimate-heading-521569e0868836fbf h1'  data-responsive-json-new='{\"font-size\":\"\",\"line-height\":\"\"}' ><h1 style=\"--font-weight:theme;margin-top:20px;margin-bottom:5px;\">Pourquoi Investir aux Bahamas ?<\/h1><\/div><div class=\"uvc-heading-spacer line_only\" style=\"topheight:1px;\"><span class=\"uvc-headings-line\" style=\"border-style:solid;border-bottom-width:1px;border-color:#a79f88;width:300px;\"><\/span><\/div><div class=\"uvc-sub-heading ult-responsive\"  data-ultimate-target='.uvc-heading.ultimate-heading-521569e0868836fbf .uvc-sub-heading '  data-responsive-json-new='{\"font-size\":\"\",\"line-height\":\"\"}'  style=\"font-weight:normal;font-style:normal;margin-top:8px;margin-bottom:15px;\">The Bahamas stands out as one of the top destinations for foreign property investors, offering a range of compelling advantages. Additionally, Eleuthera real estate for sale provides exceptional investment opportunities, especially in exclusive areas like Bel Air Bahamas Resort.<\/div><\/div><\/div><\/div><\/div><div class=\"wpb_column vc_column_container vc_col-sm-2\"><div class=\"vc_column-inner\"><div class=\"wpb_wrapper\"><\/div><\/div><\/div><\/div><div class=\"vc_row wpb_row vc_row-fluid vc_custom_1738680763971 vc_row-o-content-top vc_row-flex\"><div class=\"wpb_column vc_column_container vc_col-sm-12\"><div class=\"vc_column-inner\"><div class=\"wpb_wrapper\"><div class=\"vc_row wpb_row vc_inner vc_row-fluid\"><div class=\"wpb_column vc_column_container vc_col-sm-6\"><div class=\"vc_column-inner\"><div class=\"wpb_wrapper\">\n\t<div  class=\"wpb_single_image wpb_content_element vc_align_center\">\n\t\t\n\t\t<figure class=\"wpb_wrapper vc_figure\">\n\t\t\t<div class=\"vc_single_image-wrapper vc_box_shadow  vc_box_border_grey\"><img decoding=\"async\" class=\"vc_single_image-img\" src=\"https:\/\/belairbahamas.com\/wp-content\/uploads\/2025\/01\/bimini_9-Photo-1000x800.webp\" width=\"1000\" height=\"800\" alt=\"eleuthera real estate for sale\" title=\"bimini_9-Photo\" loading=\"lazy\"  data-dt-location=\"https:\/\/belairbahamas.com\/fr\/real-estate\/why-invest-in-the-bahamas\/bimini_9-photo-2\/\" \/><\/div>\n\t\t<\/figure>\n\t<\/div>\n<\/div><\/div><\/div><div class=\"wpb_column vc_column_container vc_col-sm-6\"><div class=\"vc_column-inner vc_custom_1736442908210\"><div class=\"wpb_wrapper\"><div class=\"standard-arrow\"><p><strong>L\u2019\u00eele offre de nombreux avantages pour les investisseurs :<\/strong><\/p>\n<ul>\n<li><strong>Proximit\u00e9 avec les \u00c9tats-Unis :<\/strong> Just a one-hour flight from Florida, making it easily accessible for American investors.<\/li>\n<li><strong>Stabilit\u00e9 Politique et \u00c9conomique : <\/strong> Un march\u00e9 fiable et pr\u00e9visible, id\u00e9al pour des investissements \u00e0 long terme.<\/li>\n<li><strong>Attrait Touristique Mondial :<\/strong> Une destination de renomm\u00e9e internationale avec une forte demande pour les locations de vacances et les r\u00e9sidences secondaires.<\/li>\n<li><strong>Valorisation Remarquable des Biens Immobiliers de Luxe :<\/strong> <a href=\"https:\/\/modernhouseharbourisland.com\/\">High-value properties<\/a> in The Bahamas consistently demonstrate robust capital growth.<\/li>\n<li><strong>Rayonnement International :<\/strong> Reconnus mondialement, les Bahamas attirent des acheteurs venus des \u00c9tats-Unis, du Canada, d\u2019Europe et d\u2019autres r\u00e9gions.<\/li>\n<li><strong>Syst\u00e8me Fiscal Avantageux :<\/strong> Une juridiction fiscalement attrayante, sans imp\u00f4t sur le revenu, les successions ou les plus-values.<\/li>\n<li><strong>Excellente Connectivit\u00e9 :<\/strong> Un r\u00e9seau a\u00e9rien exceptionnel avec des vols directs depuis les principales m\u00e9tropoles mondiales et un acc\u00e8s facile par voie maritime.<\/li>\n<\/ul>\n<\/div><\/div><\/div><\/div><\/div><\/div><\/div><\/div><\/div><div class=\"vc_row wpb_row vc_row-fluid vc_custom_1738680772896 vc_row-o-content-top vc_row-flex\"><div class=\"wpb_column vc_column_container vc_col-sm-12\"><div class=\"vc_column-inner\"><div class=\"wpb_wrapper\"><div class=\"vc_row wpb_row vc_inner vc_row-fluid reverse-col-on-mobile\"><div class=\"wpb_column vc_column_container vc_col-sm-6\"><div class=\"vc_column-inner vc_custom_1736442908210\"><div class=\"wpb_wrapper\"><div id=\"ultimate-heading-272169e0868838efd\" class=\"uvc-heading ult-adjust-bottom-margin ultimate-heading-272169e0868838efd uvc-547  uvc-heading-default-font-sizes\" data-hspacer=\"no_spacer\"  data-halign=\"left\" style=\"text-align:left\"><div class=\"uvc-heading-spacer no_spacer\" style=\"top\"><\/div><div class=\"uvc-sub-heading ult-responsive\"  data-ultimate-target='.uvc-heading.ultimate-heading-272169e0868838efd .uvc-sub-heading '  data-responsive-json-new='{\"font-size\":\"\",\"line-height\":\"\"}'  style=\"font-family:&#039;Montserrat&#039;;font-weight:normal;font-style:normal;margin-top:8px;margin-bottom:15px;\"><\/p>\n<p style=\"text-align: left;\">Notably, The Bahamas ranks third in the 2024 Knight Frank Wealth Report\u2019s Prime International Residential Index, which measures the performance of luxury residential markets in 100 premier destinations worldwide. Whether for lifestyle, investment, or portfolio diversification, The Bahamas offers an unmatched blend of opportunity, luxury, and global appeal. Furthermore, Eleuthera real estate for sale provides <a href=\"https:\/\/belairbahamas.com\/fr\/real-estate\/model-homes\/\">exceptional investment opportunities<\/a>, making it a prime destination for discerning buyers.<\/p>\n<p><\/div><\/div><\/div><\/div><\/div><div class=\"wpb_column vc_column_container vc_col-sm-6\"><div class=\"vc_column-inner\"><div class=\"wpb_wrapper\">\n\t<div  class=\"wpb_single_image wpb_content_element vc_align_center\">\n\t\t\n\t\t<figure class=\"wpb_wrapper vc_figure\">\n\t\t\t<div class=\"vc_single_image-wrapper vc_box_shadow  vc_box_border_grey\"><img decoding=\"async\" class=\"vc_single_image-img\" src=\"https:\/\/belairbahamas.com\/wp-content\/uploads\/2025\/01\/Cottage_45-Photo-1000x800.webp\" width=\"1000\" height=\"800\" alt=\"bahamas resort\" title=\"Cottage_45 - Photo\" loading=\"lazy\"  data-dt-location=\"https:\/\/belairbahamas.com\/fr\/real-estate\/why-invest-in-the-bahamas\/cottage_45-photo\/\" \/><\/div>\n\t\t<\/figure>\n\t<\/div>\n<\/div><\/div><\/div><\/div><\/div><\/div><\/div><\/div>\n<\/div>","protected":false},"excerpt":{"rendered":"<p>Invest Wisely, Invest in the BahamasWhy invest in the Bahamas ?The Bahamas stands out as one of the top destinations for foreign property investors, offering a range of compelling advantages. Additionally, Eleuthera real estate for sale provides exceptional investment opportunities, especially in exclusive areas like Bel Air Bahamas Resort. The island offers numerous advantages: Proximity&hellip;<\/p>","protected":false},"author":4,"featured_media":0,"parent":3816,"menu_order":0,"comment_status":"closed","ping_status":"closed","template":"","meta":{"footnotes":""},"class_list":["post-3426","page","type-page","status-publish","hentry","description-off"],"yoast_head":"<!-- This site is optimized with the Yoast SEO Premium plugin v26.7 (Yoast SEO v27.4) - https:\/\/yoast.com\/product\/yoast-seo-premium-wordpress\/ -->\n<title>Eleuthera real estate for sale | Bel Air Bahamas luxury resort<\/title>\n<meta name=\"description\" content=\"Discover exclusive Eleuthera real estate for sale at Bel Air Bahamas Luxury Resort, one of the Bahamas&#039; most sought-after locations.\" \/>\n<meta name=\"robots\" content=\"index, follow, max-snippet:-1, max-image-preview:large, max-video-preview:-1\" \/>\n<link rel=\"canonical\" href=\"https:\/\/belairbahamas.com\/fr\/real-estate\/why-invest-in-the-bahamas\/\" \/>\n<meta property=\"og:locale\" content=\"fr_FR\" \/>\n<meta property=\"og:type\" content=\"article\" \/>\n<meta property=\"og:title\" content=\"Why invest in the Bahamas?\" \/>\n<meta property=\"og:description\" content=\"Discover exclusive Eleuthera real estate for sale at Bel Air Bahamas Luxury Resort, one of the Bahamas&#039; most sought-after locations.\" \/>\n<meta property=\"og:url\" content=\"https:\/\/belairbahamas.com\/fr\/real-estate\/why-invest-in-the-bahamas\/\" \/>\n<meta property=\"og:site_name\" content=\"Bel Air Bahamas\" \/>\n<meta property=\"article:modified_time\" content=\"2025-03-13T15:59:57+00:00\" \/>\n<meta name=\"twitter:card\" content=\"summary_large_image\" \/>\n<meta name=\"twitter:label1\" content=\"Dur\u00e9e de lecture estim\u00e9e\" \/>\n\t<meta name=\"twitter:data1\" content=\"2 minutes\" \/>\n<script type=\"application\/ld+json\" class=\"yoast-schema-graph\">{\"@context\":\"https:\\\/\\\/schema.org\",\"@graph\":[{\"@type\":\"WebPage\",\"@id\":\"https:\\\/\\\/belairbahamas.com\\\/real-estate\\\/why-invest-in-the-bahamas\\\/\",\"url\":\"https:\\\/\\\/belairbahamas.com\\\/real-estate\\\/why-invest-in-the-bahamas\\\/\",\"name\":\"Eleuthera real estate for sale | Bel Air Bahamas luxury resort\",\"isPartOf\":{\"@id\":\"https:\\\/\\\/belairbahamas.com\\\/#website\"},\"datePublished\":\"2025-01-13T14:27:52+00:00\",\"dateModified\":\"2025-03-13T15:59:57+00:00\",\"description\":\"Discover exclusive Eleuthera real estate for sale at Bel Air Bahamas Luxury Resort, one of the Bahamas' most sought-after locations.\",\"breadcrumb\":{\"@id\":\"https:\\\/\\\/belairbahamas.com\\\/real-estate\\\/why-invest-in-the-bahamas\\\/#breadcrumb\"},\"inLanguage\":\"fr-FR\",\"potentialAction\":[{\"@type\":\"ReadAction\",\"target\":[\"https:\\\/\\\/belairbahamas.com\\\/real-estate\\\/why-invest-in-the-bahamas\\\/\"]}]},{\"@type\":\"BreadcrumbList\",\"@id\":\"https:\\\/\\\/belairbahamas.com\\\/real-estate\\\/why-invest-in-the-bahamas\\\/#breadcrumb\",\"itemListElement\":[{\"@type\":\"ListItem\",\"position\":1,\"name\":\"Home\",\"item\":\"https:\\\/\\\/belairbahamas.com\\\/\"},{\"@type\":\"ListItem\",\"position\":2,\"name\":\"Real Estate\",\"item\":\"https:\\\/\\\/belairbahamas.com\\\/real-estate\\\/\"},{\"@type\":\"ListItem\",\"position\":3,\"name\":\"Why invest in the Bahamas?\"}]},{\"@type\":\"WebSite\",\"@id\":\"https:\\\/\\\/belairbahamas.com\\\/#website\",\"url\":\"https:\\\/\\\/belairbahamas.com\\\/\",\"name\":\"Bel Air Bahamas\",\"description\":\"Luxury Resort in Bahamas\",\"publisher\":{\"@id\":\"https:\\\/\\\/belairbahamas.com\\\/#organization\"},\"potentialAction\":[{\"@type\":\"SearchAction\",\"target\":{\"@type\":\"EntryPoint\",\"urlTemplate\":\"https:\\\/\\\/belairbahamas.com\\\/?s={search_term_string}\"},\"query-input\":{\"@type\":\"PropertyValueSpecification\",\"valueRequired\":true,\"valueName\":\"search_term_string\"}}],\"inLanguage\":\"fr-FR\"},{\"@type\":\"Organization\",\"@id\":\"https:\\\/\\\/belairbahamas.com\\\/#organization\",\"name\":\"Bel Air Bahamas\",\"url\":\"https:\\\/\\\/belairbahamas.com\\\/\",\"logo\":{\"@type\":\"ImageObject\",\"inLanguage\":\"fr-FR\",\"@id\":\"https:\\\/\\\/belairbahamas.com\\\/#\\\/schema\\\/logo\\\/image\\\/\",\"url\":\"https:\\\/\\\/belairbahamas.com\\\/wp-content\\\/uploads\\\/2022\\\/09\\\/BA-Bahamas-logo-250.png\",\"contentUrl\":\"https:\\\/\\\/belairbahamas.com\\\/wp-content\\\/uploads\\\/2022\\\/09\\\/BA-Bahamas-logo-250.png\",\"width\":250,\"height\":125,\"caption\":\"Bel Air Bahamas\"},\"image\":{\"@id\":\"https:\\\/\\\/belairbahamas.com\\\/#\\\/schema\\\/logo\\\/image\\\/\"}}]}<\/script>\n<!-- \/ Yoast SEO Premium plugin. -->","yoast_head_json":{"title":"Eleuthera real estate for sale | Bel Air Bahamas luxury resort","description":"Discover exclusive Eleuthera real estate for sale at Bel Air Bahamas Luxury Resort, one of the Bahamas' most sought-after locations.","robots":{"index":"index","follow":"follow","max-snippet":"max-snippet:-1","max-image-preview":"max-image-preview:large","max-video-preview":"max-video-preview:-1"},"canonical":"https:\/\/belairbahamas.com\/fr\/real-estate\/why-invest-in-the-bahamas\/","og_locale":"fr_FR","og_type":"article","og_title":"Why invest in the Bahamas?","og_description":"Discover exclusive Eleuthera real estate for sale at Bel Air Bahamas Luxury Resort, one of the Bahamas' most sought-after locations.","og_url":"https:\/\/belairbahamas.com\/fr\/real-estate\/why-invest-in-the-bahamas\/","og_site_name":"Bel Air Bahamas","article_modified_time":"2025-03-13T15:59:57+00:00","twitter_card":"summary_large_image","twitter_misc":{"Dur\u00e9e de lecture estim\u00e9e":"2 minutes"},"schema":{"@context":"https:\/\/schema.org","@graph":[{"@type":"WebPage","@id":"https:\/\/belairbahamas.com\/real-estate\/why-invest-in-the-bahamas\/","url":"https:\/\/belairbahamas.com\/real-estate\/why-invest-in-the-bahamas\/","name":"Eleuthera real estate for sale | Bel Air Bahamas luxury resort","isPartOf":{"@id":"https:\/\/belairbahamas.com\/#website"},"datePublished":"2025-01-13T14:27:52+00:00","dateModified":"2025-03-13T15:59:57+00:00","description":"Discover exclusive Eleuthera real estate for sale at Bel Air Bahamas Luxury Resort, one of the Bahamas' most sought-after locations.","breadcrumb":{"@id":"https:\/\/belairbahamas.com\/real-estate\/why-invest-in-the-bahamas\/#breadcrumb"},"inLanguage":"fr-FR","potentialAction":[{"@type":"ReadAction","target":["https:\/\/belairbahamas.com\/real-estate\/why-invest-in-the-bahamas\/"]}]},{"@type":"BreadcrumbList","@id":"https:\/\/belairbahamas.com\/real-estate\/why-invest-in-the-bahamas\/#breadcrumb","itemListElement":[{"@type":"ListItem","position":1,"name":"Home","item":"https:\/\/belairbahamas.com\/"},{"@type":"ListItem","position":2,"name":"Real Estate","item":"https:\/\/belairbahamas.com\/real-estate\/"},{"@type":"ListItem","position":3,"name":"Why invest in the Bahamas?"}]},{"@type":"WebSite","@id":"https:\/\/belairbahamas.com\/#website","url":"https:\/\/belairbahamas.com\/","name":"Bel Air Bahamas","description":"Luxury Resort in Bahamas","publisher":{"@id":"https:\/\/belairbahamas.com\/#organization"},"potentialAction":[{"@type":"SearchAction","target":{"@type":"EntryPoint","urlTemplate":"https:\/\/belairbahamas.com\/?s={search_term_string}"},"query-input":{"@type":"PropertyValueSpecification","valueRequired":true,"valueName":"search_term_string"}}],"inLanguage":"fr-FR"},{"@type":"Organization","@id":"https:\/\/belairbahamas.com\/#organization","name":"Bel Air Bahamas","url":"https:\/\/belairbahamas.com\/","logo":{"@type":"ImageObject","inLanguage":"fr-FR","@id":"https:\/\/belairbahamas.com\/#\/schema\/logo\/image\/","url":"https:\/\/belairbahamas.com\/wp-content\/uploads\/2022\/09\/BA-Bahamas-logo-250.png","contentUrl":"https:\/\/belairbahamas.com\/wp-content\/uploads\/2022\/09\/BA-Bahamas-logo-250.png","width":250,"height":125,"caption":"Bel Air Bahamas"},"image":{"@id":"https:\/\/belairbahamas.com\/#\/schema\/logo\/image\/"}}]}},"_links":{"self":[{"href":"https:\/\/belairbahamas.com\/fr\/wp-json\/wp\/v2\/pages\/3426","targetHints":{"allow":["GET"]}}],"collection":[{"href":"https:\/\/belairbahamas.com\/fr\/wp-json\/wp\/v2\/pages"}],"about":[{"href":"https:\/\/belairbahamas.com\/fr\/wp-json\/wp\/v2\/types\/page"}],"author":[{"embeddable":true,"href":"https:\/\/belairbahamas.com\/fr\/wp-json\/wp\/v2\/users\/4"}],"replies":[{"embeddable":true,"href":"https:\/\/belairbahamas.com\/fr\/wp-json\/wp\/v2\/comments?post=3426"}],"version-history":[{"count":0,"href":"https:\/\/belairbahamas.com\/fr\/wp-json\/wp\/v2\/pages\/3426\/revisions"}],"up":[{"embeddable":true,"href":"https:\/\/belairbahamas.com\/fr\/wp-json\/wp\/v2\/pages\/3816"}],"wp:attachment":[{"href":"https:\/\/belairbahamas.com\/fr\/wp-json\/wp\/v2\/media?parent=3426"}],"curies":[{"name":"wp","href":"https:\/\/api.w.org\/{rel}","templated":true}]}}