{"id":3281,"date":"2025-01-09T19:49:15","date_gmt":"2025-01-09T19:49:15","guid":{"rendered":"https:\/\/belairbahamas.com\/?page_id=3281"},"modified":"2025-03-12T20:33:05","modified_gmt":"2025-03-12T20:33:05","slug":"residence-community","status":"publish","type":"page","link":"https:\/\/belairbahamas.com\/fr\/real-estate\/residence-community\/","title":{"rendered":"La Communaut\u00e9 R\u00e9sidentielle"},"content":{"rendered":"<div class=\"wpb-content-wrapper\"><div class=\"vc_row wpb_row vc_row-fluid vc_custom_1737062698418\"><div class=\"wpb_column vc_column_container vc_col-sm-12\"><div class=\"vc_column-inner\"><div class=\"wpb_wrapper\"><div id=\"ultimate-heading-958769dc2f0276e7c\" class=\"uvc-heading ult-adjust-bottom-margin ultimate-heading-958769dc2f0276e7c uvc-846 shadow-black\" data-hspacer=\"no_spacer\"  data-halign=\"center\" style=\"text-align:center\"><div class=\"uvc-heading-spacer no_spacer\" style=\"top\"><\/div><div class=\"uvc-main-heading ult-responsive\"  data-ultimate-target='.uvc-heading.ultimate-heading-958769dc2f0276e7c h1'  data-responsive-json-new='{\"font-size\":\"desktop:45px;\",\"line-height\":\"\"}' ><h1 style=\"font-family:&#039;Alex Brush&#039;;font-style:italic;--font-weight:theme;color:#FFFFFF;margin-top:-220px;\">Un Art de Vivre Raffin\u00e9 Dans une Communaut\u00e9 d\u2019Exception<\/h1><\/div><\/div><\/div><\/div><\/div><\/div><!-- Row Backgrounds --><div class=\"upb_bg_img\" data-ultimate-bg=\"url(https:\/\/belairbahamas.com\/wp-content\/uploads\/2025\/01\/Residence-Community.webp)\" data-image-id=\"id^3285|url^https:\/\/belairbahamas.com\/wp-content\/uploads\/2025\/01\/Residence-Community.webp|caption^null|alt^null|title^Residence Community|description^null\" data-ultimate-bg-style=\"vcpb-default\" data-bg-img-repeat=\"no-repeat\" data-bg-img-size=\"cover\" data-bg-img-position=\"\" data-parallx_sense=\"30\" data-bg-override=\"full\" data-bg_img_attach=\"scroll\" data-upb-overlay-color=\"\" data-upb-bg-animation=\"\" data-fadeout=\"\" data-bg-animation=\"left-animation\" data-bg-animation-type=\"h\" data-animation-repeat=\"repeat\" data-fadeout-percentage=\"30\" data-parallax-content=\"\" data-parallax-content-sense=\"30\" data-row-effect-mobile-disable=\"true\" data-img-parallax-mobile-disable=\"true\" data-rtl=\"false\"  data-custom-vc-row=\"\"  data-vc=\"8.7.2\"  data-is_old_vc=\"\"  data-theme-support=\"\"   data-overlay=\"false\" data-overlay-color=\"\" data-overlay-pattern=\"\" data-overlay-pattern-opacity=\"\" data-overlay-pattern-size=\"\"    ><\/div><div class=\"vc_row wpb_row vc_row-fluid dt-default\" style=\"margin-top: 0px;margin-bottom: 0px\"><div class=\"wpb_column vc_column_container vc_col-sm-2\"><div class=\"vc_column-inner\"><div class=\"wpb_wrapper\"><\/div><\/div><\/div><div class=\"wpb_column vc_column_container vc_col-sm-8\"><div class=\"vc_column-inner\"><div class=\"wpb_wrapper\"><div id=\"ultimate-heading-193569dc2f0277c40\" class=\"uvc-heading ult-adjust-bottom-margin ultimate-heading-193569dc2f0277c40 uvc-8556  uvc-heading-default-font-sizes\" data-hspacer=\"line_only\"  data-halign=\"center\" style=\"text-align:center\"><div class=\"uvc-main-heading ult-responsive\"  data-ultimate-target='.uvc-heading.ultimate-heading-193569dc2f0277c40 h1'  data-responsive-json-new='{\"font-size\":\"\",\"line-height\":\"\"}' ><h1 style=\"--font-weight:theme;margin-top:20px;margin-bottom:5px;\">La Communaut\u00e9 R\u00e9sidentielle<\/h1><\/div><div class=\"uvc-heading-spacer line_only\" style=\"topheight:1px;\"><span class=\"uvc-headings-line\" style=\"border-style:solid;border-bottom-width:1px;border-color:#a79f88;width:300px;\"><\/span><\/div><div class=\"uvc-sub-heading ult-responsive\"  data-ultimate-target='.uvc-heading.ultimate-heading-193569dc2f0277c40 .uvc-sub-heading '  data-responsive-json-new='{\"font-size\":\"\",\"line-height\":\"\"}'  style=\"font-weight:normal;font-style:normal;margin-top:8px;margin-bottom:15px;\">Bel Air Bahamas s\u2019\u00e9tend sur un domaine exceptionnel de 10 hectares en bord de mer, offrant un havre priv\u00e9 o\u00f9 le luxe se conjugue \u00e0 la s\u00e9r\u00e9nit\u00e9. Cette communaut\u00e9 exclusive et s\u00e9curis\u00e9e garantit une discr\u00e9tion totale et un cadre paisible, id\u00e9al pour une client\u00e8le exigeante en qu\u00eate d\u2019intimit\u00e9 et de tranquillit\u00e9. V\u00e9ritable refuge, Bel Air Bahamas permet \u00e0 ses r\u00e9sidents de s\u2019\u00e9loigner des pressions du quotidien pour profiter pleinement de la beaut\u00e9 et de l\u2019art de vivre unique des Bahamas.<\/div><\/div><\/div><\/div><\/div><div class=\"wpb_column vc_column_container vc_col-sm-2\"><div class=\"vc_column-inner\"><div class=\"wpb_wrapper\"><\/div><\/div><\/div><\/div><div class=\"vc_row wpb_row vc_row-fluid vc_custom_1738680661220 vc_row-o-content-top vc_row-flex\"><div class=\"wpb_column vc_column_container vc_col-sm-12\"><div class=\"vc_column-inner\"><div class=\"wpb_wrapper\"><div class=\"vc_row wpb_row vc_inner vc_row-fluid\"><div class=\"wpb_column vc_column_container vc_col-sm-6\"><div class=\"vc_column-inner\"><div class=\"wpb_wrapper\">\n\t<div  class=\"wpb_single_image wpb_content_element vc_align_center\">\n\t\t\n\t\t<figure class=\"wpb_wrapper vc_figure\">\n\t\t\t<div class=\"vc_single_image-wrapper vc_box_shadow  vc_box_border_grey\"><img decoding=\"async\" class=\"vc_single_image-img\" src=\"https:\/\/belairbahamas.com\/wp-content\/uploads\/2025\/01\/Residences-1000x800.webp\" width=\"1000\" height=\"800\" alt=\"resort eleuthera bahamas\" title=\"Residences\" loading=\"lazy\"  data-dt-location=\"https:\/\/belairbahamas.com\/fr\/real-estate\/residence-community\/residences-2\/\" \/><\/div>\n\t\t<\/figure>\n\t<\/div>\n<\/div><\/div><\/div><div class=\"wpb_column vc_column_container vc_col-sm-6\"><div class=\"vc_column-inner vc_custom_1736442908210\"><div class=\"wpb_wrapper\"><div id=\"ultimate-heading-343369dc2f0279495\" class=\"uvc-heading ult-adjust-bottom-margin ultimate-heading-343369dc2f0279495 uvc-7146  uvc-heading-default-font-sizes\" data-hspacer=\"no_spacer\"  data-halign=\"left\" style=\"text-align:left\"><div class=\"uvc-heading-spacer no_spacer\" style=\"top\"><\/div><div class=\"uvc-sub-heading ult-responsive\"  data-ultimate-target='.uvc-heading.ultimate-heading-343369dc2f0279495 .uvc-sub-heading '  data-responsive-json-new='{\"font-size\":\"\",\"line-height\":\"\"}'  style=\"font-family:&#039;Montserrat&#039;;font-weight:normal;font-style:normal;margin-top:8px;margin-bottom:15px;\"><\/p>\n<p style=\"text-align: left;\" class=\"translation-block\"><a href=\"https:\/\/belairbahamas.com\/fr\/\" target=\"_self\">Bel Air Bahamas<\/a> s\u2019\u00e9tend sur un domaine exceptionnel de 10 hectares en bord de mer, offrant un havre priv\u00e9 o\u00f9 le luxe se conjugue \u00e0 la s\u00e9r\u00e9nit\u00e9. Cette communaut\u00e9 exclusive et s\u00e9curis\u00e9e garantit une discr\u00e9tion totale et un cadre paisible, id\u00e9al pour une client\u00e8le exigeante en qu\u00eate d\u2019intimit\u00e9 et de tranquillit\u00e9. V\u00e9ritable refuge, Bel Air Bahamas permet \u00e0 ses r\u00e9sidents de s\u2019\u00e9loigner des pressions du quotidien pour profiter pleinement de la beaut\u00e9 et de l\u2019art de vivre unique des Bahamas.<\/p>\n<p style=\"text-align: left;\">Con\u00e7u pour r\u00e9pondre aux go\u00fbts raffin\u00e9s de notre client\u00e8le internationale, le complexe Bel Air \u00e0 Eleuthera Bahamas allie une intimit\u00e9 et une s\u00e9curit\u00e9 in\u00e9gal\u00e9es \u00e0 une multitude d'activit\u00e9s, garantissant ainsi que chaque besoin est satisfait avec excellence. En plus des \u00e9quipements extraordinaires de la communaut\u00e9, les r\u00e9sidents b\u00e9n\u00e9ficient des services suivants <a href=\"https:\/\/belairbahamas.com\/fr\/real-estate\/owners-privileges\/\">privilege of membership<\/a> at Bel Air Bahamas Resorts, enhancing their lifestyle with world-class services, exclusive benefits, and personalized experiences that define true luxury living.<\/p>\n<p><\/div><\/div><\/div><\/div><\/div><\/div><\/div><\/div><\/div><\/div>\n<\/div>","protected":false},"excerpt":{"rendered":"<p>A Luxurious and Elegant CommunityThe Residence CommunityBel Air luxury resort in Eleuthera, Bahamas, a stunning 25-acre oceanfront estate, a private haven where tranquility meets luxury. This exclusive, gated community offers the utmost privacy and serenity to discerning high-net-worth individuals. It is a sanctuary where affluent residents can escape the pressures of the outside world and&hellip;<\/p>","protected":false},"author":4,"featured_media":3287,"parent":3816,"menu_order":0,"comment_status":"closed","ping_status":"closed","template":"","meta":{"footnotes":""},"class_list":["post-3281","page","type-page","status-publish","has-post-thumbnail","hentry","description-off"],"yoast_head":"<!-- This site is optimized with the Yoast SEO Premium plugin v26.7 (Yoast SEO v27.3) - https:\/\/yoast.com\/product\/yoast-seo-premium-wordpress\/ -->\n<title>Resort Eleuthera Bahamas | Bel Air Bahamas luxury resort<\/title>\n<meta name=\"description\" content=\"Experience the ultimate escape at Bel Air Bahamas Luxury Resort, a premier resort in Eleuthera, offering world-class amenities.\" \/>\n<meta name=\"robots\" content=\"index, follow, max-snippet:-1, max-image-preview:large, max-video-preview:-1\" \/>\n<link rel=\"canonical\" href=\"https:\/\/belairbahamas.com\/fr\/real-estate\/residence-community\/\" \/>\n<meta property=\"og:locale\" content=\"fr_FR\" \/>\n<meta property=\"og:type\" content=\"article\" \/>\n<meta property=\"og:title\" content=\"The Residence Community\" \/>\n<meta property=\"og:description\" content=\"Experience the ultimate escape at Bel Air Bahamas Luxury Resort, a premier resort in Eleuthera, offering world-class amenities.\" \/>\n<meta property=\"og:url\" content=\"https:\/\/belairbahamas.com\/fr\/real-estate\/residence-community\/\" \/>\n<meta property=\"og:site_name\" content=\"Bel Air Bahamas\" \/>\n<meta property=\"article:modified_time\" content=\"2025-03-12T20:33:05+00:00\" \/>\n<meta property=\"og:image\" content=\"https:\/\/belairbahamas.com\/wp-content\/uploads\/2025\/01\/Residences.webp\" \/>\n\t<meta property=\"og:image:width\" content=\"1600\" \/>\n\t<meta property=\"og:image:height\" content=\"900\" \/>\n\t<meta property=\"og:image:type\" content=\"image\/webp\" \/>\n<meta name=\"twitter:card\" content=\"summary_large_image\" \/>\n<meta name=\"twitter:label1\" content=\"Dur\u00e9e de lecture estim\u00e9e\" \/>\n\t<meta name=\"twitter:data1\" content=\"2 minutes\" \/>\n<script type=\"application\/ld+json\" class=\"yoast-schema-graph\">{\"@context\":\"https:\\\/\\\/schema.org\",\"@graph\":[{\"@type\":\"WebPage\",\"@id\":\"https:\\\/\\\/belairbahamas.com\\\/real-estate\\\/residence-community\\\/\",\"url\":\"https:\\\/\\\/belairbahamas.com\\\/real-estate\\\/residence-community\\\/\",\"name\":\"Resort Eleuthera Bahamas | Bel Air Bahamas luxury resort\",\"isPartOf\":{\"@id\":\"https:\\\/\\\/belairbahamas.com\\\/#website\"},\"primaryImageOfPage\":{\"@id\":\"https:\\\/\\\/belairbahamas.com\\\/real-estate\\\/residence-community\\\/#primaryimage\"},\"image\":{\"@id\":\"https:\\\/\\\/belairbahamas.com\\\/real-estate\\\/residence-community\\\/#primaryimage\"},\"thumbnailUrl\":\"https:\\\/\\\/belairbahamas.com\\\/wp-content\\\/uploads\\\/2025\\\/01\\\/Residences.webp\",\"datePublished\":\"2025-01-09T19:49:15+00:00\",\"dateModified\":\"2025-03-12T20:33:05+00:00\",\"description\":\"Experience the ultimate escape at Bel Air Bahamas Luxury Resort, a premier resort in Eleuthera, offering world-class amenities.\",\"breadcrumb\":{\"@id\":\"https:\\\/\\\/belairbahamas.com\\\/real-estate\\\/residence-community\\\/#breadcrumb\"},\"inLanguage\":\"fr-FR\",\"potentialAction\":[{\"@type\":\"ReadAction\",\"target\":[\"https:\\\/\\\/belairbahamas.com\\\/real-estate\\\/residence-community\\\/\"]}]},{\"@type\":\"ImageObject\",\"inLanguage\":\"fr-FR\",\"@id\":\"https:\\\/\\\/belairbahamas.com\\\/real-estate\\\/residence-community\\\/#primaryimage\",\"url\":\"https:\\\/\\\/belairbahamas.com\\\/wp-content\\\/uploads\\\/2025\\\/01\\\/Residences.webp\",\"contentUrl\":\"https:\\\/\\\/belairbahamas.com\\\/wp-content\\\/uploads\\\/2025\\\/01\\\/Residences.webp\",\"width\":1600,\"height\":900,\"caption\":\"resort eleuthera bahamas\"},{\"@type\":\"BreadcrumbList\",\"@id\":\"https:\\\/\\\/belairbahamas.com\\\/real-estate\\\/residence-community\\\/#breadcrumb\",\"itemListElement\":[{\"@type\":\"ListItem\",\"position\":1,\"name\":\"Home\",\"item\":\"https:\\\/\\\/belairbahamas.com\\\/\"},{\"@type\":\"ListItem\",\"position\":2,\"name\":\"Real Estate\",\"item\":\"https:\\\/\\\/belairbahamas.com\\\/real-estate\\\/\"},{\"@type\":\"ListItem\",\"position\":3,\"name\":\"The Residence Community\"}]},{\"@type\":\"WebSite\",\"@id\":\"https:\\\/\\\/belairbahamas.com\\\/#website\",\"url\":\"https:\\\/\\\/belairbahamas.com\\\/\",\"name\":\"Bel Air Bahamas\",\"description\":\"Luxury Resort in Bahamas\",\"publisher\":{\"@id\":\"https:\\\/\\\/belairbahamas.com\\\/#organization\"},\"potentialAction\":[{\"@type\":\"SearchAction\",\"target\":{\"@type\":\"EntryPoint\",\"urlTemplate\":\"https:\\\/\\\/belairbahamas.com\\\/?s={search_term_string}\"},\"query-input\":{\"@type\":\"PropertyValueSpecification\",\"valueRequired\":true,\"valueName\":\"search_term_string\"}}],\"inLanguage\":\"fr-FR\"},{\"@type\":\"Organization\",\"@id\":\"https:\\\/\\\/belairbahamas.com\\\/#organization\",\"name\":\"Bel Air Bahamas\",\"url\":\"https:\\\/\\\/belairbahamas.com\\\/\",\"logo\":{\"@type\":\"ImageObject\",\"inLanguage\":\"fr-FR\",\"@id\":\"https:\\\/\\\/belairbahamas.com\\\/#\\\/schema\\\/logo\\\/image\\\/\",\"url\":\"https:\\\/\\\/belairbahamas.com\\\/wp-content\\\/uploads\\\/2022\\\/09\\\/BA-Bahamas-logo-250.png\",\"contentUrl\":\"https:\\\/\\\/belairbahamas.com\\\/wp-content\\\/uploads\\\/2022\\\/09\\\/BA-Bahamas-logo-250.png\",\"width\":250,\"height\":125,\"caption\":\"Bel Air Bahamas\"},\"image\":{\"@id\":\"https:\\\/\\\/belairbahamas.com\\\/#\\\/schema\\\/logo\\\/image\\\/\"}}]}<\/script>\n<!-- \/ Yoast SEO Premium plugin. -->","yoast_head_json":{"title":"Resort Eleuthera Bahamas | Bel Air Bahamas luxury resort","description":"Experience the ultimate escape at Bel Air Bahamas Luxury Resort, a premier resort in Eleuthera, offering world-class amenities.","robots":{"index":"index","follow":"follow","max-snippet":"max-snippet:-1","max-image-preview":"max-image-preview:large","max-video-preview":"max-video-preview:-1"},"canonical":"https:\/\/belairbahamas.com\/fr\/real-estate\/residence-community\/","og_locale":"fr_FR","og_type":"article","og_title":"The Residence Community","og_description":"Experience the ultimate escape at Bel Air Bahamas Luxury Resort, a premier resort in Eleuthera, offering world-class amenities.","og_url":"https:\/\/belairbahamas.com\/fr\/real-estate\/residence-community\/","og_site_name":"Bel Air Bahamas","article_modified_time":"2025-03-12T20:33:05+00:00","og_image":[{"width":1600,"height":900,"url":"https:\/\/belairbahamas.com\/wp-content\/uploads\/2025\/01\/Residences.webp","type":"image\/webp"}],"twitter_card":"summary_large_image","twitter_misc":{"Dur\u00e9e de lecture estim\u00e9e":"2 minutes"},"schema":{"@context":"https:\/\/schema.org","@graph":[{"@type":"WebPage","@id":"https:\/\/belairbahamas.com\/real-estate\/residence-community\/","url":"https:\/\/belairbahamas.com\/real-estate\/residence-community\/","name":"Resort Eleuthera Bahamas | Bel Air Bahamas luxury resort","isPartOf":{"@id":"https:\/\/belairbahamas.com\/#website"},"primaryImageOfPage":{"@id":"https:\/\/belairbahamas.com\/real-estate\/residence-community\/#primaryimage"},"image":{"@id":"https:\/\/belairbahamas.com\/real-estate\/residence-community\/#primaryimage"},"thumbnailUrl":"https:\/\/belairbahamas.com\/wp-content\/uploads\/2025\/01\/Residences.webp","datePublished":"2025-01-09T19:49:15+00:00","dateModified":"2025-03-12T20:33:05+00:00","description":"Experience the ultimate escape at Bel Air Bahamas Luxury Resort, a premier resort in Eleuthera, offering world-class amenities.","breadcrumb":{"@id":"https:\/\/belairbahamas.com\/real-estate\/residence-community\/#breadcrumb"},"inLanguage":"fr-FR","potentialAction":[{"@type":"ReadAction","target":["https:\/\/belairbahamas.com\/real-estate\/residence-community\/"]}]},{"@type":"ImageObject","inLanguage":"fr-FR","@id":"https:\/\/belairbahamas.com\/real-estate\/residence-community\/#primaryimage","url":"https:\/\/belairbahamas.com\/wp-content\/uploads\/2025\/01\/Residences.webp","contentUrl":"https:\/\/belairbahamas.com\/wp-content\/uploads\/2025\/01\/Residences.webp","width":1600,"height":900,"caption":"resort eleuthera bahamas"},{"@type":"BreadcrumbList","@id":"https:\/\/belairbahamas.com\/real-estate\/residence-community\/#breadcrumb","itemListElement":[{"@type":"ListItem","position":1,"name":"Home","item":"https:\/\/belairbahamas.com\/"},{"@type":"ListItem","position":2,"name":"Real Estate","item":"https:\/\/belairbahamas.com\/real-estate\/"},{"@type":"ListItem","position":3,"name":"The Residence Community"}]},{"@type":"WebSite","@id":"https:\/\/belairbahamas.com\/#website","url":"https:\/\/belairbahamas.com\/","name":"Bel Air Bahamas","description":"Luxury Resort in Bahamas","publisher":{"@id":"https:\/\/belairbahamas.com\/#organization"},"potentialAction":[{"@type":"SearchAction","target":{"@type":"EntryPoint","urlTemplate":"https:\/\/belairbahamas.com\/?s={search_term_string}"},"query-input":{"@type":"PropertyValueSpecification","valueRequired":true,"valueName":"search_term_string"}}],"inLanguage":"fr-FR"},{"@type":"Organization","@id":"https:\/\/belairbahamas.com\/#organization","name":"Bel Air Bahamas","url":"https:\/\/belairbahamas.com\/","logo":{"@type":"ImageObject","inLanguage":"fr-FR","@id":"https:\/\/belairbahamas.com\/#\/schema\/logo\/image\/","url":"https:\/\/belairbahamas.com\/wp-content\/uploads\/2022\/09\/BA-Bahamas-logo-250.png","contentUrl":"https:\/\/belairbahamas.com\/wp-content\/uploads\/2022\/09\/BA-Bahamas-logo-250.png","width":250,"height":125,"caption":"Bel Air Bahamas"},"image":{"@id":"https:\/\/belairbahamas.com\/#\/schema\/logo\/image\/"}}]}},"_links":{"self":[{"href":"https:\/\/belairbahamas.com\/fr\/wp-json\/wp\/v2\/pages\/3281","targetHints":{"allow":["GET"]}}],"collection":[{"href":"https:\/\/belairbahamas.com\/fr\/wp-json\/wp\/v2\/pages"}],"about":[{"href":"https:\/\/belairbahamas.com\/fr\/wp-json\/wp\/v2\/types\/page"}],"author":[{"embeddable":true,"href":"https:\/\/belairbahamas.com\/fr\/wp-json\/wp\/v2\/users\/4"}],"replies":[{"embeddable":true,"href":"https:\/\/belairbahamas.com\/fr\/wp-json\/wp\/v2\/comments?post=3281"}],"version-history":[{"count":0,"href":"https:\/\/belairbahamas.com\/fr\/wp-json\/wp\/v2\/pages\/3281\/revisions"}],"up":[{"embeddable":true,"href":"https:\/\/belairbahamas.com\/fr\/wp-json\/wp\/v2\/pages\/3816"}],"wp:featuredmedia":[{"embeddable":true,"href":"https:\/\/belairbahamas.com\/fr\/wp-json\/wp\/v2\/media\/3287"}],"wp:attachment":[{"href":"https:\/\/belairbahamas.com\/fr\/wp-json\/wp\/v2\/media?parent=3281"}],"curies":[{"name":"wp","href":"https:\/\/api.w.org\/{rel}","templated":true}]}}