{"id":3518,"date":"2025-01-16T13:54:29","date_gmt":"2025-01-16T13:54:29","guid":{"rendered":"https:\/\/belairbahamas.com\/?page_id=3518"},"modified":"2025-03-12T19:57:47","modified_gmt":"2025-03-12T19:57:47","slug":"why-our-location-in-north-eleuthera","status":"publish","type":"page","link":"https:\/\/belairbahamas.com\/es\/real-estate\/why-our-location-in-north-eleuthera\/","title":{"rendered":"\u00bfPor qu\u00e9 nuestra ubicaci\u00f3n en North Eleuthera?"},"content":{"rendered":"<div class=\"wpb-content-wrapper\"><div class=\"vc_row wpb_row vc_row-fluid vc_custom_1737060476339\"><div class=\"wpb_column vc_column_container vc_col-sm-12\"><div class=\"vc_column-inner\"><div class=\"wpb_wrapper\"><div id=\"ultimate-heading-599069dc589bc6ce2\" class=\"uvc-heading ult-adjust-bottom-margin ultimate-heading-599069dc589bc6ce2 uvc-2321 shadow-black\" data-hspacer=\"no_spacer\"  data-halign=\"center\" style=\"text-align:center\"><div class=\"uvc-heading-spacer no_spacer\" style=\"top\"><\/div><div class=\"uvc-main-heading ult-responsive\"  data-ultimate-target='.uvc-heading.ultimate-heading-599069dc589bc6ce2 h1'  data-responsive-json-new='{\"font-size\":\"desktop:45px;\",\"line-height\":\"\"}' ><h1 style=\"font-family:&#039;Alex Brush&#039;;font-style:italic;--font-weight:theme;color:#FFFFFF;margin-top:-220px;\">Belleza Natural Pr\u00edstina e Ind\u00f3mita<\/h1><\/div><\/div><\/div><\/div><\/div><\/div><!-- Row Backgrounds --><div class=\"upb_bg_img\" data-ultimate-bg=\"url(https:\/\/belairbahamas.com\/wp-content\/uploads\/2025\/01\/North-ELeuthera.webp)\" data-image-id=\"id^3607|url^https:\/\/belairbahamas.com\/wp-content\/uploads\/2025\/01\/North-ELeuthera.webp|caption^null|alt^null|title^North ELeuthera|description^null\" data-ultimate-bg-style=\"vcpb-default\" data-bg-img-repeat=\"no-repeat\" data-bg-img-size=\"cover\" data-bg-img-position=\"\" data-parallx_sense=\"30\" data-bg-override=\"full\" data-bg_img_attach=\"scroll\" data-upb-overlay-color=\"\" data-upb-bg-animation=\"\" data-fadeout=\"\" data-bg-animation=\"left-animation\" data-bg-animation-type=\"h\" data-animation-repeat=\"repeat\" data-fadeout-percentage=\"30\" data-parallax-content=\"\" data-parallax-content-sense=\"30\" data-row-effect-mobile-disable=\"true\" data-img-parallax-mobile-disable=\"true\" data-rtl=\"false\"  data-custom-vc-row=\"\"  data-vc=\"8.7.2\"  data-is_old_vc=\"\"  data-theme-support=\"\"   data-overlay=\"false\" data-overlay-color=\"\" data-overlay-pattern=\"\" data-overlay-pattern-opacity=\"\" data-overlay-pattern-size=\"\"    ><\/div><div class=\"vc_row wpb_row vc_row-fluid dt-default\" style=\"margin-top: 0px;margin-bottom: 0px\"><div class=\"wpb_column vc_column_container vc_col-sm-2\"><div class=\"vc_column-inner\"><div class=\"wpb_wrapper\"><\/div><\/div><\/div><div class=\"wpb_column vc_column_container vc_col-sm-8\"><div class=\"vc_column-inner\"><div class=\"wpb_wrapper\"><div id=\"ultimate-heading-841769dc589bc7ad8\" class=\"uvc-heading ult-adjust-bottom-margin ultimate-heading-841769dc589bc7ad8 uvc-7309  uvc-heading-default-font-sizes\" data-hspacer=\"line_only\"  data-halign=\"center\" style=\"text-align:center\"><div class=\"uvc-main-heading ult-responsive\"  data-ultimate-target='.uvc-heading.ultimate-heading-841769dc589bc7ad8 h1'  data-responsive-json-new='{\"font-size\":\"\",\"line-height\":\"\"}' ><h1 style=\"--font-weight:theme;margin-top:20px;margin-bottom:5px;\">\u00bfPor qu\u00e9 nuestra ubicaci\u00f3n en North Eleuthera?<\/h1><\/div><div class=\"uvc-heading-spacer line_only\" style=\"topheight:1px;\"><span class=\"uvc-headings-line\" style=\"border-style:solid;border-bottom-width:1px;border-color:#a79f88;width:300px;\"><\/span><\/div><div class=\"uvc-sub-heading ult-responsive\"  data-ultimate-target='.uvc-heading.ultimate-heading-841769dc589bc7ad8 .uvc-sub-heading '  data-responsive-json-new='{\"font-size\":\"\",\"line-height\":\"\"}'  style=\"font-weight:normal;font-style:normal;margin-top:8px;margin-bottom:15px;\">En Bel Air Resorts Group, nos comprometemos a seleccionar \u00fanicamente las propiedades m\u00e1s excepcionales, garantizando el equilibrio perfecto entre ubicaci\u00f3n, belleza natural y practicidad. Nuestro meticuloso y polifac\u00e9tico proceso de toma de decisiones refleja nuestra dedicaci\u00f3n a crear experiencias inigualables. Como destino tur\u00edstico de lujo en las Bahamas, damos prioridad al dise\u00f1o y los servicios de primera clase, ofreciendo un refugio exclusivo que combina la elegancia con el impresionante entorno de la isla.<\/div><\/div><\/div><\/div><\/div><div class=\"wpb_column vc_column_container vc_col-sm-2\"><div class=\"vc_column-inner\"><div class=\"wpb_wrapper\"><\/div><\/div><\/div><\/div><div class=\"vc_row wpb_row vc_row-fluid vc_custom_1738680795727 vc_row-o-content-top vc_row-flex\"><div class=\"wpb_column vc_column_container vc_col-sm-12\"><div class=\"vc_column-inner\"><div class=\"wpb_wrapper\"><div class=\"vc_row wpb_row vc_inner vc_row-fluid\"><div class=\"wpb_column vc_column_container vc_col-sm-6\"><div class=\"vc_column-inner\"><div class=\"wpb_wrapper\">\n\t<div  class=\"wpb_single_image wpb_content_element vc_align_center\">\n\t\t\n\t\t<figure class=\"wpb_wrapper vc_figure\">\n\t\t\t<div class=\"vc_single_image-wrapper vc_box_shadow  vc_box_border_grey\"><img decoding=\"async\" class=\"vc_single_image-img\" src=\"https:\/\/belairbahamas.com\/wp-content\/uploads\/2025\/01\/the-resort-land-1000x800.webp\" width=\"1000\" height=\"800\" alt=\"luxury resort bahamas\" title=\"the resort land\" loading=\"lazy\"  data-dt-location=\"https:\/\/belairbahamas.com\/es\/real-estate\/why-our-location-in-north-eleuthera\/the-resort-land\/\" \/><\/div>\n\t\t<\/figure>\n\t<\/div>\n<\/div><\/div><\/div><div class=\"wpb_column vc_column_container vc_col-sm-6\"><div class=\"vc_column-inner vc_custom_1736442908210\"><div class=\"wpb_wrapper\"><div id=\"ultimate-heading-633569dc589bc8ffc\" class=\"uvc-heading ult-adjust-bottom-margin ultimate-heading-633569dc589bc8ffc uvc-6711  uvc-heading-default-font-sizes\" data-hspacer=\"no_spacer\"  data-halign=\"left\" style=\"text-align:left\"><div class=\"uvc-heading-spacer no_spacer\" style=\"top\"><\/div><div class=\"uvc-sub-heading ult-responsive\"  data-ultimate-target='.uvc-heading.ultimate-heading-633569dc589bc8ffc .uvc-sub-heading '  data-responsive-json-new='{\"font-size\":\"\",\"line-height\":\"\"}'  style=\"font-family:&#039;Montserrat&#039;;font-weight:normal;font-style:normal;margin-top:8px;margin-bottom:15px;\"><\/p>\n<p style=\"text-align: left;\">El descubrimiento de esta extraordinaria propiedad fue el resultado de a\u00f1os de cuidadosa exploraci\u00f3n y evaluaci\u00f3n. Cada aspecto, desde sus impresionantes vistas al oc\u00e9ano hasta su sereno entorno, fue meticulosamente considerado para asegurar que cumpl\u00eda con los m\u00e1s altos est\u00e1ndares de exclusividad, lujo y potencial de inversi\u00f3n a largo plazo.<\/p>\n<p><\/div><\/div><div class=\"standard-arrow bullet-top\"><p><strong>Aqu\u00ed est\u00e1 la raz\u00f3n por la que se destaca:<\/strong><\/p>\n<ul>\n<li><strong>Ubicaci\u00f3n Privilegiada:<\/strong> Ubicada a solo 20 minutos en coche de North Eleuthera, el aeropuerto m\u00e1s concurrido de la isla con excelentes opciones de vuelos, lo que proporciona un acceso sin interrupciones para los viajeros.<\/li>\n<li><strong>Belleza Natural Intacta:<\/strong> La propiedad cuenta con paisajes pr\u00edstinos y v\u00edrgenes, exhibiendo el esplendor intacto de las Bahamas.<\/li>\n<li><strong>Seguro y Elevado:<\/strong> Ubicada en lo alto de un acantilado, bien por encima del nivel del mar, la propiedad ofrece seguridad contra inundaciones y garantiza impresionantes vistas panor\u00e1micas.<\/li>\n<li><strong>Topograf\u00eda Ideal:<\/strong> Sus suaves pendientes crean un terreno acogedor, lo que lo hace perfecto para desarrollos que aprovechan las impresionantes vistas.<\/li>\n<li><strong>Aguas Tranquilas del Caribe:<\/strong> Frente al tranquilo mar Caribe, esta propiedad disfruta de una mejor protecci\u00f3n y resguardo en comparaci\u00f3n con el lado m\u00e1s expuesto del Atl\u00e1ntico.<\/li>\n<li><strong>Calidad Superior del Suelo:<\/strong> El terreno est\u00e1 cubierto por roca s\u00f3lida, lo que proporciona una base ideal para estructuras fuertes, duraderas y estables.<\/li>\n<\/ul>\n<\/div><div id=\"ultimate-heading-835469dc589bc90f3\" class=\"uvc-heading ult-adjust-bottom-margin ultimate-heading-835469dc589bc90f3 uvc-2150  uvc-heading-default-font-sizes\" data-hspacer=\"no_spacer\"  data-halign=\"center\" style=\"text-align:center\"><div class=\"uvc-heading-spacer no_spacer\" style=\"top\"><\/div><div class=\"uvc-sub-heading ult-responsive\"  data-ultimate-target='.uvc-heading.ultimate-heading-835469dc589bc90f3 .uvc-sub-heading '  data-responsive-json-new='{\"font-size\":\"\",\"line-height\":\"\"}'  style=\"font-weight:normal;\"><\/p>\n<p style=\"text-align: left;\">En Bel Air Bahamas, creemos que las propiedades excepcionales crean la base para experiencias extraordinarias. Esta tierra es verdaderamente \u00fanico en su clase. Nuestra visi\u00f3n de un destino tur\u00edstico de lujo en las Bahamas se centra en integrar a la perfecci\u00f3n el confort de primera clase con la belleza natural de la isla, ofreciendo un refugio exclusivo para viajeros e inversores exigentes. Con <a href=\"https:\/\/belairbahamas.com\/es\/lodging\/\">alojamientos meticulosamente dise\u00f1ados<\/a>, <a href=\"https:\/\/belairbahamas.com\/es\/wellness\/\">instalaciones de bienestar de \u00faltima generaci\u00f3n<\/a>Bel Air Bahamas redefine la vida en una isla. Residentes y hu\u00e9spedes disfrutar\u00e1n de playas privadas, exuberantes paisajes y servicios personalizados, creando un remanso de tranquilidad y elegancia sin igual en el Caribe.<\/p>\n<p><\/div><\/div><\/div><\/div><\/div><\/div><\/div><\/div><\/div><\/div>\n<\/div>","protected":false},"excerpt":{"rendered":"<p>Pristine and Untamed Natural BeautyWhy our location in North Eleuthera?At Bel Air Resorts Group, we are committed to selecting only the most exceptional properties, ensuring the perfect balance of location, natural beauty, and practicality. Our meticulous, multi-faceted decision-making process reflects our dedication to creating unparalleled experiences. As a luxury resort Bahamas destination, we prioritize world-class&hellip;<\/p>","protected":false},"author":4,"featured_media":3607,"parent":3816,"menu_order":0,"comment_status":"closed","ping_status":"closed","template":"","meta":{"footnotes":""},"class_list":["post-3518","page","type-page","status-publish","has-post-thumbnail","hentry","description-off"],"yoast_head":"<!-- This site is optimized with the Yoast SEO Premium plugin v26.7 (Yoast SEO v27.3) - https:\/\/yoast.com\/product\/yoast-seo-premium-wordpress\/ -->\n<title>Luxury resort Bahamas | Bel Air Bahamas North Eleuthera<\/title>\n<meta name=\"description\" content=\"Experience the ultimate Bel Air luxury resort at Bahamas, where stunning ocean views and elegant accommodations redefine island living.\" \/>\n<meta name=\"robots\" content=\"index, follow, max-snippet:-1, max-image-preview:large, max-video-preview:-1\" \/>\n<link rel=\"canonical\" href=\"https:\/\/belairbahamas.com\/es\/real-estate\/why-our-location-in-north-eleuthera\/\" \/>\n<meta property=\"og:locale\" content=\"es_ES\" \/>\n<meta property=\"og:type\" content=\"article\" \/>\n<meta property=\"og:title\" content=\"Why our location in North Eleuthera?\" \/>\n<meta property=\"og:description\" content=\"Experience the ultimate Bel Air luxury resort at Bahamas, where stunning ocean views and elegant accommodations redefine island living.\" \/>\n<meta property=\"og:url\" content=\"https:\/\/belairbahamas.com\/es\/real-estate\/why-our-location-in-north-eleuthera\/\" \/>\n<meta property=\"og:site_name\" content=\"Bel Air Bahamas\" \/>\n<meta property=\"article:modified_time\" content=\"2025-03-12T19:57:47+00:00\" \/>\n<meta property=\"og:image\" content=\"https:\/\/belairbahamas.com\/wp-content\/uploads\/2025\/01\/North-ELeuthera.webp\" \/>\n\t<meta property=\"og:image:width\" content=\"1920\" \/>\n\t<meta property=\"og:image:height\" content=\"600\" \/>\n\t<meta property=\"og:image:type\" content=\"image\/webp\" \/>\n<meta name=\"twitter:card\" content=\"summary_large_image\" \/>\n<meta name=\"twitter:label1\" content=\"Tiempo de lectura\" \/>\n\t<meta name=\"twitter:data1\" content=\"3 minutos\" \/>\n<script type=\"application\/ld+json\" class=\"yoast-schema-graph\">{\"@context\":\"https:\\\/\\\/schema.org\",\"@graph\":[{\"@type\":\"WebPage\",\"@id\":\"https:\\\/\\\/belairbahamas.com\\\/real-estate\\\/why-our-location-in-north-eleuthera\\\/\",\"url\":\"https:\\\/\\\/belairbahamas.com\\\/real-estate\\\/why-our-location-in-north-eleuthera\\\/\",\"name\":\"Luxury resort Bahamas | Bel Air Bahamas North Eleuthera\",\"isPartOf\":{\"@id\":\"https:\\\/\\\/belairbahamas.com\\\/#website\"},\"primaryImageOfPage\":{\"@id\":\"https:\\\/\\\/belairbahamas.com\\\/real-estate\\\/why-our-location-in-north-eleuthera\\\/#primaryimage\"},\"image\":{\"@id\":\"https:\\\/\\\/belairbahamas.com\\\/real-estate\\\/why-our-location-in-north-eleuthera\\\/#primaryimage\"},\"thumbnailUrl\":\"https:\\\/\\\/belairbahamas.com\\\/wp-content\\\/uploads\\\/2025\\\/01\\\/North-ELeuthera.webp\",\"datePublished\":\"2025-01-16T13:54:29+00:00\",\"dateModified\":\"2025-03-12T19:57:47+00:00\",\"description\":\"Experience the ultimate Bel Air luxury resort at Bahamas, where stunning ocean views and elegant accommodations redefine island living.\",\"breadcrumb\":{\"@id\":\"https:\\\/\\\/belairbahamas.com\\\/real-estate\\\/why-our-location-in-north-eleuthera\\\/#breadcrumb\"},\"inLanguage\":\"es\",\"potentialAction\":[{\"@type\":\"ReadAction\",\"target\":[\"https:\\\/\\\/belairbahamas.com\\\/real-estate\\\/why-our-location-in-north-eleuthera\\\/\"]}]},{\"@type\":\"ImageObject\",\"inLanguage\":\"es\",\"@id\":\"https:\\\/\\\/belairbahamas.com\\\/real-estate\\\/why-our-location-in-north-eleuthera\\\/#primaryimage\",\"url\":\"https:\\\/\\\/belairbahamas.com\\\/wp-content\\\/uploads\\\/2025\\\/01\\\/North-ELeuthera.webp\",\"contentUrl\":\"https:\\\/\\\/belairbahamas.com\\\/wp-content\\\/uploads\\\/2025\\\/01\\\/North-ELeuthera.webp\",\"width\":1920,\"height\":600,\"caption\":\"luxury resort bahamas\"},{\"@type\":\"BreadcrumbList\",\"@id\":\"https:\\\/\\\/belairbahamas.com\\\/real-estate\\\/why-our-location-in-north-eleuthera\\\/#breadcrumb\",\"itemListElement\":[{\"@type\":\"ListItem\",\"position\":1,\"name\":\"Home\",\"item\":\"https:\\\/\\\/belairbahamas.com\\\/\"},{\"@type\":\"ListItem\",\"position\":2,\"name\":\"Real Estate\",\"item\":\"https:\\\/\\\/belairbahamas.com\\\/real-estate\\\/\"},{\"@type\":\"ListItem\",\"position\":3,\"name\":\"Why our location in North Eleuthera?\"}]},{\"@type\":\"WebSite\",\"@id\":\"https:\\\/\\\/belairbahamas.com\\\/#website\",\"url\":\"https:\\\/\\\/belairbahamas.com\\\/\",\"name\":\"Bel Air Bahamas\",\"description\":\"Luxury Resort in Bahamas\",\"publisher\":{\"@id\":\"https:\\\/\\\/belairbahamas.com\\\/#organization\"},\"potentialAction\":[{\"@type\":\"SearchAction\",\"target\":{\"@type\":\"EntryPoint\",\"urlTemplate\":\"https:\\\/\\\/belairbahamas.com\\\/?s={search_term_string}\"},\"query-input\":{\"@type\":\"PropertyValueSpecification\",\"valueRequired\":true,\"valueName\":\"search_term_string\"}}],\"inLanguage\":\"es\"},{\"@type\":\"Organization\",\"@id\":\"https:\\\/\\\/belairbahamas.com\\\/#organization\",\"name\":\"Bel Air Bahamas\",\"url\":\"https:\\\/\\\/belairbahamas.com\\\/\",\"logo\":{\"@type\":\"ImageObject\",\"inLanguage\":\"es\",\"@id\":\"https:\\\/\\\/belairbahamas.com\\\/#\\\/schema\\\/logo\\\/image\\\/\",\"url\":\"https:\\\/\\\/belairbahamas.com\\\/wp-content\\\/uploads\\\/2022\\\/09\\\/BA-Bahamas-logo-250.png\",\"contentUrl\":\"https:\\\/\\\/belairbahamas.com\\\/wp-content\\\/uploads\\\/2022\\\/09\\\/BA-Bahamas-logo-250.png\",\"width\":250,\"height\":125,\"caption\":\"Bel Air Bahamas\"},\"image\":{\"@id\":\"https:\\\/\\\/belairbahamas.com\\\/#\\\/schema\\\/logo\\\/image\\\/\"}}]}<\/script>\n<!-- \/ Yoast SEO Premium plugin. -->","yoast_head_json":{"title":"Luxury resort Bahamas | Bel Air Bahamas North Eleuthera","description":"Experience the ultimate Bel Air luxury resort at Bahamas, where stunning ocean views and elegant accommodations redefine island living.","robots":{"index":"index","follow":"follow","max-snippet":"max-snippet:-1","max-image-preview":"max-image-preview:large","max-video-preview":"max-video-preview:-1"},"canonical":"https:\/\/belairbahamas.com\/es\/real-estate\/why-our-location-in-north-eleuthera\/","og_locale":"es_ES","og_type":"article","og_title":"Why our location in North Eleuthera?","og_description":"Experience the ultimate Bel Air luxury resort at Bahamas, where stunning ocean views and elegant accommodations redefine island living.","og_url":"https:\/\/belairbahamas.com\/es\/real-estate\/why-our-location-in-north-eleuthera\/","og_site_name":"Bel Air Bahamas","article_modified_time":"2025-03-12T19:57:47+00:00","og_image":[{"width":1920,"height":600,"url":"https:\/\/belairbahamas.com\/wp-content\/uploads\/2025\/01\/North-ELeuthera.webp","type":"image\/webp"}],"twitter_card":"summary_large_image","twitter_misc":{"Tiempo de lectura":"3 minutos"},"schema":{"@context":"https:\/\/schema.org","@graph":[{"@type":"WebPage","@id":"https:\/\/belairbahamas.com\/real-estate\/why-our-location-in-north-eleuthera\/","url":"https:\/\/belairbahamas.com\/real-estate\/why-our-location-in-north-eleuthera\/","name":"Luxury resort Bahamas | Bel Air Bahamas North Eleuthera","isPartOf":{"@id":"https:\/\/belairbahamas.com\/#website"},"primaryImageOfPage":{"@id":"https:\/\/belairbahamas.com\/real-estate\/why-our-location-in-north-eleuthera\/#primaryimage"},"image":{"@id":"https:\/\/belairbahamas.com\/real-estate\/why-our-location-in-north-eleuthera\/#primaryimage"},"thumbnailUrl":"https:\/\/belairbahamas.com\/wp-content\/uploads\/2025\/01\/North-ELeuthera.webp","datePublished":"2025-01-16T13:54:29+00:00","dateModified":"2025-03-12T19:57:47+00:00","description":"Experience the ultimate Bel Air luxury resort at Bahamas, where stunning ocean views and elegant accommodations redefine island living.","breadcrumb":{"@id":"https:\/\/belairbahamas.com\/real-estate\/why-our-location-in-north-eleuthera\/#breadcrumb"},"inLanguage":"es","potentialAction":[{"@type":"ReadAction","target":["https:\/\/belairbahamas.com\/real-estate\/why-our-location-in-north-eleuthera\/"]}]},{"@type":"ImageObject","inLanguage":"es","@id":"https:\/\/belairbahamas.com\/real-estate\/why-our-location-in-north-eleuthera\/#primaryimage","url":"https:\/\/belairbahamas.com\/wp-content\/uploads\/2025\/01\/North-ELeuthera.webp","contentUrl":"https:\/\/belairbahamas.com\/wp-content\/uploads\/2025\/01\/North-ELeuthera.webp","width":1920,"height":600,"caption":"luxury resort bahamas"},{"@type":"BreadcrumbList","@id":"https:\/\/belairbahamas.com\/real-estate\/why-our-location-in-north-eleuthera\/#breadcrumb","itemListElement":[{"@type":"ListItem","position":1,"name":"Home","item":"https:\/\/belairbahamas.com\/"},{"@type":"ListItem","position":2,"name":"Real Estate","item":"https:\/\/belairbahamas.com\/real-estate\/"},{"@type":"ListItem","position":3,"name":"Why our location in North Eleuthera?"}]},{"@type":"WebSite","@id":"https:\/\/belairbahamas.com\/#website","url":"https:\/\/belairbahamas.com\/","name":"Bel Air Bahamas","description":"Luxury Resort in Bahamas","publisher":{"@id":"https:\/\/belairbahamas.com\/#organization"},"potentialAction":[{"@type":"SearchAction","target":{"@type":"EntryPoint","urlTemplate":"https:\/\/belairbahamas.com\/?s={search_term_string}"},"query-input":{"@type":"PropertyValueSpecification","valueRequired":true,"valueName":"search_term_string"}}],"inLanguage":"es"},{"@type":"Organization","@id":"https:\/\/belairbahamas.com\/#organization","name":"Bel Air Bahamas","url":"https:\/\/belairbahamas.com\/","logo":{"@type":"ImageObject","inLanguage":"es","@id":"https:\/\/belairbahamas.com\/#\/schema\/logo\/image\/","url":"https:\/\/belairbahamas.com\/wp-content\/uploads\/2022\/09\/BA-Bahamas-logo-250.png","contentUrl":"https:\/\/belairbahamas.com\/wp-content\/uploads\/2022\/09\/BA-Bahamas-logo-250.png","width":250,"height":125,"caption":"Bel Air Bahamas"},"image":{"@id":"https:\/\/belairbahamas.com\/#\/schema\/logo\/image\/"}}]}},"_links":{"self":[{"href":"https:\/\/belairbahamas.com\/es\/wp-json\/wp\/v2\/pages\/3518","targetHints":{"allow":["GET"]}}],"collection":[{"href":"https:\/\/belairbahamas.com\/es\/wp-json\/wp\/v2\/pages"}],"about":[{"href":"https:\/\/belairbahamas.com\/es\/wp-json\/wp\/v2\/types\/page"}],"author":[{"embeddable":true,"href":"https:\/\/belairbahamas.com\/es\/wp-json\/wp\/v2\/users\/4"}],"replies":[{"embeddable":true,"href":"https:\/\/belairbahamas.com\/es\/wp-json\/wp\/v2\/comments?post=3518"}],"version-history":[{"count":0,"href":"https:\/\/belairbahamas.com\/es\/wp-json\/wp\/v2\/pages\/3518\/revisions"}],"up":[{"embeddable":true,"href":"https:\/\/belairbahamas.com\/es\/wp-json\/wp\/v2\/pages\/3816"}],"wp:featuredmedia":[{"embeddable":true,"href":"https:\/\/belairbahamas.com\/es\/wp-json\/wp\/v2\/media\/3607"}],"wp:attachment":[{"href":"https:\/\/belairbahamas.com\/es\/wp-json\/wp\/v2\/media?parent=3518"}],"curies":[{"name":"wp","href":"https:\/\/api.w.org\/{rel}","templated":true}]}}