{"id":3317,"date":"2025-01-09T21:11:07","date_gmt":"2025-01-09T21:11:07","guid":{"rendered":"https:\/\/belairbahamas.com\/?page_id=3317"},"modified":"2025-03-13T15:18:55","modified_gmt":"2025-03-13T15:18:55","slug":"why-invest-in-a-residence-at-bel-air-bahamas","status":"publish","type":"page","link":"https:\/\/belairbahamas.com\/es\/real-estate\/why-invest-in-a-residence-at-bel-air-bahamas\/","title":{"rendered":"Why Invest in a Residence at Bel Air Bahamas?"},"content":{"rendered":"<div class=\"wpb-content-wrapper\"><div class=\"vc_row wpb_row vc_row-fluid vc_custom_1737141584567\"><div class=\"wpb_column vc_column_container vc_col-sm-12\"><div class=\"vc_column-inner\"><div class=\"wpb_wrapper\"><div id=\"ultimate-heading-662069e1aab87e5e1\" class=\"uvc-heading ult-adjust-bottom-margin ultimate-heading-662069e1aab87e5e1 uvc-8801 shadow-black\" data-hspacer=\"no_spacer\"  data-halign=\"center\" style=\"text-align:center\"><div class=\"uvc-heading-spacer no_spacer\" style=\"top\"><\/div><div class=\"uvc-main-heading ult-responsive\"  data-ultimate-target='.uvc-heading.ultimate-heading-662069e1aab87e5e1 h1'  data-responsive-json-new='{\"font-size\":\"desktop:45px;\",\"line-height\":\"\"}' ><h1 style=\"font-family:&#039;Alex Brush&#039;;font-style:italic;--font-weight:theme;color:#FFFFFF;margin-top:-220px;\">Bel Air Bahamas, Una Inversi\u00f3n Inteligente en un Estilo de Vida de Lujo.<\/h1><\/div><\/div><\/div><\/div><\/div><\/div><!-- Row Backgrounds --><div class=\"upb_bg_img\" data-ultimate-bg=\"url(https:\/\/belairbahamas.com\/wp-content\/uploads\/2025\/01\/windermere.webp)\" data-image-id=\"id^3656|url^https:\/\/belairbahamas.com\/wp-content\/uploads\/2025\/01\/windermere.webp|caption^null|alt^null|title^windermere|description^null\" data-ultimate-bg-style=\"vcpb-default\" data-bg-img-repeat=\"no-repeat\" data-bg-img-size=\"cover\" data-bg-img-position=\"\" data-parallx_sense=\"30\" data-bg-override=\"full\" data-bg_img_attach=\"scroll\" data-upb-overlay-color=\"\" data-upb-bg-animation=\"\" data-fadeout=\"\" data-bg-animation=\"left-animation\" data-bg-animation-type=\"h\" data-animation-repeat=\"repeat\" data-fadeout-percentage=\"30\" data-parallax-content=\"\" data-parallax-content-sense=\"30\" data-row-effect-mobile-disable=\"true\" data-img-parallax-mobile-disable=\"true\" data-rtl=\"false\"  data-custom-vc-row=\"\"  data-vc=\"8.7.2\"  data-is_old_vc=\"\"  data-theme-support=\"\"   data-overlay=\"false\" data-overlay-color=\"\" data-overlay-pattern=\"\" data-overlay-pattern-opacity=\"\" data-overlay-pattern-size=\"\"    ><\/div><div class=\"vc_row wpb_row vc_row-fluid dt-default\" style=\"margin-top: 0px;margin-bottom: 0px\"><div class=\"wpb_column vc_column_container vc_col-sm-2\"><div class=\"vc_column-inner\"><div class=\"wpb_wrapper\"><\/div><\/div><\/div><div class=\"wpb_column vc_column_container vc_col-sm-8\"><div class=\"vc_column-inner\"><div class=\"wpb_wrapper\"><div id=\"ultimate-heading-152869e1aab87f4b1\" class=\"uvc-heading ult-adjust-bottom-margin ultimate-heading-152869e1aab87f4b1 uvc-9576  uvc-heading-default-font-sizes\" data-hspacer=\"line_only\"  data-halign=\"center\" style=\"text-align:center\"><div class=\"uvc-main-heading ult-responsive\"  data-ultimate-target='.uvc-heading.ultimate-heading-152869e1aab87f4b1 h1'  data-responsive-json-new='{\"font-size\":\"\",\"line-height\":\"\"}' ><h1 style=\"--font-weight:theme;margin-top:20px;margin-bottom:5px;\">\u00bfPor qu\u00e9 invertir en una residencia en Bel Air Bahamas?<\/h1><\/div><div class=\"uvc-heading-spacer line_only\" style=\"topheight:1px;\"><span class=\"uvc-headings-line\" style=\"border-style:solid;border-bottom-width:1px;border-color:#a79f88;width:300px;\"><\/span><\/div><div class=\"uvc-sub-heading ult-responsive\"  data-ultimate-target='.uvc-heading.ultimate-heading-152869e1aab87f4b1 .uvc-sub-heading '  data-responsive-json-new='{\"font-size\":\"\",\"line-height\":\"\"}'  style=\"font-weight:normal;font-style:normal;margin-top:8px;margin-bottom:15px;\">Eleuthera, la joya oculta de las Bahamas, ha sido un destino popular durante los \u00faltimos 60 a\u00f1os. Este impresionante tesoro insular aguarda a ser descubierto. Con su belleza natural y su potencial sin explotar, Eleuthera se encuentra al borde de una emocionante transformaci\u00f3n. <a href=\"https:\/\/belairbahamas.com\/es\/\">Nuevos proyectos<\/a>hacen que el atractivo de la isla se vea reforzado por la construcci\u00f3n de nuevos complejos tur\u00edsticos, como la Reserva Ritz-Carlton en Eleuthera Central y el reciente destino privado de Disney en Eleuthera Sur. Bel Air Bahamas Resort ofrece casas en venta en Eleuthera Norte, proporcionando una oportunidad exclusiva de poseer un pedazo de esta impresionante isla.<\/div><\/div><\/div><\/div><\/div><div class=\"wpb_column vc_column_container vc_col-sm-2\"><div class=\"vc_column-inner\"><div class=\"wpb_wrapper\"><\/div><\/div><\/div><\/div><div class=\"vc_row wpb_row vc_row-fluid vc_custom_1738680706099 vc_row-o-content-top vc_row-flex\"><div class=\"wpb_column vc_column_container vc_col-sm-12\"><div class=\"vc_column-inner\"><div class=\"wpb_wrapper\"><div class=\"vc_row wpb_row vc_inner vc_row-fluid\"><div class=\"wpb_column vc_column_container vc_col-sm-6\"><div class=\"vc_column-inner\"><div class=\"wpb_wrapper\">\n\t<div  class=\"wpb_single_image wpb_content_element vc_align_center\">\n\t\t\n\t\t<figure class=\"wpb_wrapper vc_figure\">\n\t\t\t<div class=\"vc_single_image-wrapper vc_box_shadow  vc_box_border_grey\"><img decoding=\"async\" class=\"vc_single_image-img\" src=\"https:\/\/belairbahamas.com\/wp-content\/uploads\/2025\/01\/Pool-House-1-1000x800.webp\" width=\"1000\" height=\"800\" alt=\"homes for sale eleuthera bahamas\" title=\"Pool House\" loading=\"lazy\"  data-dt-location=\"https:\/\/belairbahamas.com\/es\/real-estate\/why-invest-in-a-residence-at-bel-air-bahamas\/pool-house-2\/\" \/><\/div>\n\t\t<\/figure>\n\t<\/div>\n<\/div><\/div><\/div><div class=\"wpb_column vc_column_container vc_col-sm-6\"><div class=\"vc_column-inner vc_custom_1736442908210\"><div class=\"wpb_wrapper\"><div id=\"ultimate-heading-32569e1aab880b8c\" class=\"uvc-heading ult-adjust-bottom-margin ultimate-heading-32569e1aab880b8c uvc-7202  uvc-heading-default-font-sizes\" data-hspacer=\"no_spacer\"  data-halign=\"left\" style=\"text-align:left\"><div class=\"uvc-heading-spacer no_spacer\" style=\"top\"><\/div><div class=\"uvc-sub-heading ult-responsive\"  data-ultimate-target='.uvc-heading.ultimate-heading-32569e1aab880b8c .uvc-sub-heading '  data-responsive-json-new='{\"font-size\":\"\",\"line-height\":\"\"}'  style=\"font-family:&#039;Montserrat&#039;;font-weight:normal;font-style:normal;margin-top:8px;margin-bottom:15px;\"><\/p>\n<p style=\"text-align: left;\">La cercana Harbour Island, a s\u00f3lo 20 minutos en coche de Bel Air Bahamas, es uno de los destinos m\u00e1s exclusivos del Caribe. Las transacciones inmobiliarias en Harbour Island han alcanzado cotas mete\u00f3ricas, con mansiones que se venden por hasta 70 millones de d\u00f3lares.<br \/>\nEncontrar un <a href=\"https:\/\/modernhouseharbourisland.com\/\">terreno frente al mar en Harbour Island<\/a> es pr\u00e1cticamente imposible y, cuando est\u00e1n disponibles, su precio supera los 6 millones de d\u00f3lares. El valor de las propiedades no ha dejado de aumentar, y las parcelas secas -las que no tienen vistas al agua- de unos 15.000 pies cuadrados rondan ya el mill\u00f3n de d\u00f3lares. Las viviendas en venta en North Eleuthera, la pr\u00f3xima zona codiciada para el desarrollo del lujo, est\u00e1n a punto de seguir la extraordinaria trayectoria de Harbour Island.<\/p>\n<p><\/div><\/div><div class=\"standard-arrow\"><p><strong>La isla ofrece numerosas ventajas:<\/strong><\/p>\n<ul>\n<li><strong>Proximidad a los Estados Unidos:<\/strong> F\u00e1cil acceso con tiempos de viaje cortos.<\/li>\n<li><strong>Mano de Obra Local S\u00f3lida:<\/strong> Un recurso confiable para el desarrollo y las operaciones.<\/li>\n<li><strong>Excelente Conectividad:<\/strong> Opciones frecuentes de vuelos y rutas de env\u00edo semanales desde Florida.<\/li>\n<\/ul>\n<\/div><\/div><\/div><\/div><\/div><\/div><\/div><\/div><\/div><div class=\"vc_row wpb_row vc_row-fluid vc_custom_1738680718053 vc_row-o-content-top vc_row-flex\"><div class=\"wpb_column vc_column_container vc_col-sm-12\"><div class=\"vc_column-inner\"><div class=\"wpb_wrapper\"><div class=\"vc_row wpb_row vc_inner vc_row-fluid reverse-col-on-mobile\"><div class=\"swap-on-mobile wpb_column vc_column_container vc_col-sm-6\"><div class=\"vc_column-inner vc_custom_1736443658685\"><div class=\"wpb_wrapper\"><div id=\"ultimate-heading-696369e1aab88148c\" class=\"uvc-heading ult-adjust-bottom-margin ultimate-heading-696369e1aab88148c uvc-244  uvc-heading-default-font-sizes\" data-hspacer=\"no_spacer\"  data-halign=\"left\" style=\"text-align:left\"><div class=\"uvc-heading-spacer no_spacer\" style=\"top\"><\/div><div class=\"uvc-sub-heading ult-responsive\"  data-ultimate-target='.uvc-heading.ultimate-heading-696369e1aab88148c .uvc-sub-heading '  data-responsive-json-new='{\"font-size\":\"\",\"line-height\":\"\"}'  style=\"font-family:&#039;Montserrat&#039;;font-weight:normal;font-style:normal;margin-top:8px;margin-bottom:15px;\"><\/p>\n<p style=\"text-align: left;\">Eleuthera ha experimentado un aumento constante del valor de las propiedades, sobre todo debido al desarrollo de viviendas modernas y actualizadas. Esta tendencia ha llamado la atenci\u00f3n, sobre todo porque las casas en venta en Eleuthera son cada vez m\u00e1s codiciadas. Las Bahamas, a menudo consideradas una prolongaci\u00f3n del mercado inmobiliario norteamericano, atraen a inversores que valoran su entorno pol\u00edtico y econ\u00f3mico estable. Con un mercado relativamente peque\u00f1o y un inventario limitado, las condiciones favorecen a los vendedores, lo que hace subir a\u00fan m\u00e1s los precios de las propiedades. A medida que crece la demanda de estas viviendas exclusivas, los compradores tienen la oportunidad de invertir en un destino lucrativo y tranquilo.<\/p>\n<p><\/div><\/div><\/div><\/div><\/div><div class=\"swap-on-mobile wpb_column vc_column_container vc_col-sm-6\"><div class=\"vc_column-inner\"><div class=\"wpb_wrapper\">\n\t<div  class=\"wpb_single_image wpb_content_element vc_align_center\">\n\t\t\n\t\t<figure class=\"wpb_wrapper vc_figure\">\n\t\t\t<div class=\"vc_single_image-wrapper vc_box_shadow  vc_box_border_grey\"><img decoding=\"async\" class=\"vc_single_image-img\" src=\"https:\/\/belairbahamas.com\/wp-content\/uploads\/2025\/03\/1-4-1000x800.webp\" width=\"1000\" height=\"800\" alt=\"boutique hotels in bahamas\" title=\"1\" loading=\"lazy\"  data-dt-location=\"https:\/\/belairbahamas.com\/es\/real-estate\/bel-air-lots\/1-7\/\" \/><\/div>\n\t\t<\/figure>\n\t<\/div>\n<\/div><\/div><\/div><\/div><\/div><\/div><\/div><\/div>\n<\/div>","protected":false},"excerpt":{"rendered":"<p>Bel Air Bahamas, A Smart Investment in Luxury LivingWhy invest in a residence at Bel Air Bahamas ?Eleuthera, The Hidden Gem of the Bahamas, has been a popular destination for the past 60 years. This breathtaking island treasure awaits discovery. With its natural beauty and untapped potential, Eleuthera stands on the brink of an exciting&hellip;<\/p>","protected":false},"author":4,"featured_media":0,"parent":3816,"menu_order":0,"comment_status":"closed","ping_status":"closed","template":"","meta":{"footnotes":""},"class_list":["post-3317","page","type-page","status-publish","hentry","description-off"],"yoast_head":"<!-- This site is optimized with the Yoast SEO Premium plugin v26.7 (Yoast SEO v27.4) - https:\/\/yoast.com\/product\/yoast-seo-premium-wordpress\/ -->\n<title>Homes for sale North Eleuthera | Bel Air Bahamas Residences<\/title>\n<meta name=\"description\" content=\"Discover homes for sale in North Eleuthera at Bel Air Bahamas Luxury Residences, offering elegance in a breathtaking oceanfront setting.\" \/>\n<meta name=\"robots\" content=\"index, follow, max-snippet:-1, max-image-preview:large, max-video-preview:-1\" \/>\n<link rel=\"canonical\" href=\"https:\/\/belairbahamas.com\/es\/real-estate\/why-invest-in-a-residence-at-bel-air-bahamas\/\" \/>\n<meta property=\"og:locale\" content=\"es_ES\" \/>\n<meta property=\"og:type\" content=\"article\" \/>\n<meta property=\"og:title\" content=\"Why Invest in a Residence at Bel Air Bahamas?\" \/>\n<meta property=\"og:description\" content=\"Discover homes for sale in North Eleuthera at Bel Air Bahamas Luxury Residences, offering elegance in a breathtaking oceanfront setting.\" \/>\n<meta property=\"og:url\" content=\"https:\/\/belairbahamas.com\/es\/real-estate\/why-invest-in-a-residence-at-bel-air-bahamas\/\" \/>\n<meta property=\"og:site_name\" content=\"Bel Air Bahamas\" \/>\n<meta property=\"article:modified_time\" content=\"2025-03-13T15:18:55+00:00\" \/>\n<meta name=\"twitter:card\" content=\"summary_large_image\" \/>\n<meta name=\"twitter:label1\" content=\"Tiempo de lectura\" \/>\n\t<meta name=\"twitter:data1\" content=\"3 minutos\" \/>\n<script type=\"application\/ld+json\" class=\"yoast-schema-graph\">{\"@context\":\"https:\\\/\\\/schema.org\",\"@graph\":[{\"@type\":\"WebPage\",\"@id\":\"https:\\\/\\\/belairbahamas.com\\\/real-estate\\\/why-invest-in-a-residence-at-bel-air-bahamas\\\/\",\"url\":\"https:\\\/\\\/belairbahamas.com\\\/real-estate\\\/why-invest-in-a-residence-at-bel-air-bahamas\\\/\",\"name\":\"Homes for sale North Eleuthera | Bel Air Bahamas Residences\",\"isPartOf\":{\"@id\":\"https:\\\/\\\/belairbahamas.com\\\/#website\"},\"datePublished\":\"2025-01-09T21:11:07+00:00\",\"dateModified\":\"2025-03-13T15:18:55+00:00\",\"description\":\"Discover homes for sale in North Eleuthera at Bel Air Bahamas Luxury Residences, offering elegance in a breathtaking oceanfront setting.\",\"breadcrumb\":{\"@id\":\"https:\\\/\\\/belairbahamas.com\\\/real-estate\\\/why-invest-in-a-residence-at-bel-air-bahamas\\\/#breadcrumb\"},\"inLanguage\":\"es\",\"potentialAction\":[{\"@type\":\"ReadAction\",\"target\":[\"https:\\\/\\\/belairbahamas.com\\\/real-estate\\\/why-invest-in-a-residence-at-bel-air-bahamas\\\/\"]}]},{\"@type\":\"BreadcrumbList\",\"@id\":\"https:\\\/\\\/belairbahamas.com\\\/real-estate\\\/why-invest-in-a-residence-at-bel-air-bahamas\\\/#breadcrumb\",\"itemListElement\":[{\"@type\":\"ListItem\",\"position\":1,\"name\":\"Home\",\"item\":\"https:\\\/\\\/belairbahamas.com\\\/\"},{\"@type\":\"ListItem\",\"position\":2,\"name\":\"Real Estate\",\"item\":\"https:\\\/\\\/belairbahamas.com\\\/real-estate\\\/\"},{\"@type\":\"ListItem\",\"position\":3,\"name\":\"Why Invest in a Residence at Bel Air Bahamas?\"}]},{\"@type\":\"WebSite\",\"@id\":\"https:\\\/\\\/belairbahamas.com\\\/#website\",\"url\":\"https:\\\/\\\/belairbahamas.com\\\/\",\"name\":\"Bel Air Bahamas\",\"description\":\"Luxury Resort in Bahamas\",\"publisher\":{\"@id\":\"https:\\\/\\\/belairbahamas.com\\\/#organization\"},\"potentialAction\":[{\"@type\":\"SearchAction\",\"target\":{\"@type\":\"EntryPoint\",\"urlTemplate\":\"https:\\\/\\\/belairbahamas.com\\\/?s={search_term_string}\"},\"query-input\":{\"@type\":\"PropertyValueSpecification\",\"valueRequired\":true,\"valueName\":\"search_term_string\"}}],\"inLanguage\":\"es\"},{\"@type\":\"Organization\",\"@id\":\"https:\\\/\\\/belairbahamas.com\\\/#organization\",\"name\":\"Bel Air Bahamas\",\"url\":\"https:\\\/\\\/belairbahamas.com\\\/\",\"logo\":{\"@type\":\"ImageObject\",\"inLanguage\":\"es\",\"@id\":\"https:\\\/\\\/belairbahamas.com\\\/#\\\/schema\\\/logo\\\/image\\\/\",\"url\":\"https:\\\/\\\/belairbahamas.com\\\/wp-content\\\/uploads\\\/2022\\\/09\\\/BA-Bahamas-logo-250.png\",\"contentUrl\":\"https:\\\/\\\/belairbahamas.com\\\/wp-content\\\/uploads\\\/2022\\\/09\\\/BA-Bahamas-logo-250.png\",\"width\":250,\"height\":125,\"caption\":\"Bel Air Bahamas\"},\"image\":{\"@id\":\"https:\\\/\\\/belairbahamas.com\\\/#\\\/schema\\\/logo\\\/image\\\/\"}}]}<\/script>\n<!-- \/ Yoast SEO Premium plugin. -->","yoast_head_json":{"title":"Homes for sale North Eleuthera | Bel Air Bahamas Residences","description":"Discover homes for sale in North Eleuthera at Bel Air Bahamas Luxury Residences, offering elegance in a breathtaking oceanfront setting.","robots":{"index":"index","follow":"follow","max-snippet":"max-snippet:-1","max-image-preview":"max-image-preview:large","max-video-preview":"max-video-preview:-1"},"canonical":"https:\/\/belairbahamas.com\/es\/real-estate\/why-invest-in-a-residence-at-bel-air-bahamas\/","og_locale":"es_ES","og_type":"article","og_title":"Why Invest in a Residence at Bel Air Bahamas?","og_description":"Discover homes for sale in North Eleuthera at Bel Air Bahamas Luxury Residences, offering elegance in a breathtaking oceanfront setting.","og_url":"https:\/\/belairbahamas.com\/es\/real-estate\/why-invest-in-a-residence-at-bel-air-bahamas\/","og_site_name":"Bel Air Bahamas","article_modified_time":"2025-03-13T15:18:55+00:00","twitter_card":"summary_large_image","twitter_misc":{"Tiempo de lectura":"3 minutos"},"schema":{"@context":"https:\/\/schema.org","@graph":[{"@type":"WebPage","@id":"https:\/\/belairbahamas.com\/real-estate\/why-invest-in-a-residence-at-bel-air-bahamas\/","url":"https:\/\/belairbahamas.com\/real-estate\/why-invest-in-a-residence-at-bel-air-bahamas\/","name":"Homes for sale North Eleuthera | Bel Air Bahamas Residences","isPartOf":{"@id":"https:\/\/belairbahamas.com\/#website"},"datePublished":"2025-01-09T21:11:07+00:00","dateModified":"2025-03-13T15:18:55+00:00","description":"Discover homes for sale in North Eleuthera at Bel Air Bahamas Luxury Residences, offering elegance in a breathtaking oceanfront setting.","breadcrumb":{"@id":"https:\/\/belairbahamas.com\/real-estate\/why-invest-in-a-residence-at-bel-air-bahamas\/#breadcrumb"},"inLanguage":"es","potentialAction":[{"@type":"ReadAction","target":["https:\/\/belairbahamas.com\/real-estate\/why-invest-in-a-residence-at-bel-air-bahamas\/"]}]},{"@type":"BreadcrumbList","@id":"https:\/\/belairbahamas.com\/real-estate\/why-invest-in-a-residence-at-bel-air-bahamas\/#breadcrumb","itemListElement":[{"@type":"ListItem","position":1,"name":"Home","item":"https:\/\/belairbahamas.com\/"},{"@type":"ListItem","position":2,"name":"Real Estate","item":"https:\/\/belairbahamas.com\/real-estate\/"},{"@type":"ListItem","position":3,"name":"Why Invest in a Residence at Bel Air Bahamas?"}]},{"@type":"WebSite","@id":"https:\/\/belairbahamas.com\/#website","url":"https:\/\/belairbahamas.com\/","name":"Bel Air Bahamas","description":"Luxury Resort in Bahamas","publisher":{"@id":"https:\/\/belairbahamas.com\/#organization"},"potentialAction":[{"@type":"SearchAction","target":{"@type":"EntryPoint","urlTemplate":"https:\/\/belairbahamas.com\/?s={search_term_string}"},"query-input":{"@type":"PropertyValueSpecification","valueRequired":true,"valueName":"search_term_string"}}],"inLanguage":"es"},{"@type":"Organization","@id":"https:\/\/belairbahamas.com\/#organization","name":"Bel Air Bahamas","url":"https:\/\/belairbahamas.com\/","logo":{"@type":"ImageObject","inLanguage":"es","@id":"https:\/\/belairbahamas.com\/#\/schema\/logo\/image\/","url":"https:\/\/belairbahamas.com\/wp-content\/uploads\/2022\/09\/BA-Bahamas-logo-250.png","contentUrl":"https:\/\/belairbahamas.com\/wp-content\/uploads\/2022\/09\/BA-Bahamas-logo-250.png","width":250,"height":125,"caption":"Bel Air Bahamas"},"image":{"@id":"https:\/\/belairbahamas.com\/#\/schema\/logo\/image\/"}}]}},"_links":{"self":[{"href":"https:\/\/belairbahamas.com\/es\/wp-json\/wp\/v2\/pages\/3317","targetHints":{"allow":["GET"]}}],"collection":[{"href":"https:\/\/belairbahamas.com\/es\/wp-json\/wp\/v2\/pages"}],"about":[{"href":"https:\/\/belairbahamas.com\/es\/wp-json\/wp\/v2\/types\/page"}],"author":[{"embeddable":true,"href":"https:\/\/belairbahamas.com\/es\/wp-json\/wp\/v2\/users\/4"}],"replies":[{"embeddable":true,"href":"https:\/\/belairbahamas.com\/es\/wp-json\/wp\/v2\/comments?post=3317"}],"version-history":[{"count":0,"href":"https:\/\/belairbahamas.com\/es\/wp-json\/wp\/v2\/pages\/3317\/revisions"}],"up":[{"embeddable":true,"href":"https:\/\/belairbahamas.com\/es\/wp-json\/wp\/v2\/pages\/3816"}],"wp:attachment":[{"href":"https:\/\/belairbahamas.com\/es\/wp-json\/wp\/v2\/media?parent=3317"}],"curies":[{"name":"wp","href":"https:\/\/api.w.org\/{rel}","templated":true}]}}