{"id":3307,"date":"2025-01-09T21:02:04","date_gmt":"2025-01-09T21:02:04","guid":{"rendered":"https:\/\/belairbahamas.com\/?page_id=3307"},"modified":"2025-03-13T20:06:15","modified_gmt":"2025-03-13T20:06:15","slug":"becoming-an-owner","status":"publish","type":"page","link":"https:\/\/belairbahamas.com\/es\/real-estate\/becoming-an-owner\/","title":{"rendered":"Convertirse en Propietario"},"content":{"rendered":"<div class=\"wpb-content-wrapper\"><div class=\"vc_row wpb_row vc_row-fluid vc_custom_1738255753508\"><div class=\"wpb_column vc_column_container vc_col-sm-12\"><div class=\"vc_column-inner\"><div class=\"wpb_wrapper\"><div id=\"ultimate-heading-963469dc581fe0bed\" class=\"uvc-heading ult-adjust-bottom-margin ultimate-heading-963469dc581fe0bed uvc-5977 shadow-black\" data-hspacer=\"no_spacer\"  data-halign=\"center\" style=\"text-align:center\"><div class=\"uvc-heading-spacer no_spacer\" style=\"top\"><\/div><div class=\"uvc-main-heading ult-responsive\"  data-ultimate-target='.uvc-heading.ultimate-heading-963469dc581fe0bed h1'  data-responsive-json-new='{\"font-size\":\"desktop:45px;\",\"line-height\":\"\"}' ><h1 style=\"font-family:&#039;Alex Brush&#039;;font-style:italic;--font-weight:theme;color:#FFFFFF;margin-top:-220px;\">Un Legado de Lujo, Limitado a 37 Residencias<\/h1><\/div><\/div><\/div><\/div><\/div><\/div><!-- Row Backgrounds --><div class=\"upb_bg_img\" data-ultimate-bg=\"url(https:\/\/belairbahamas.com\/wp-content\/uploads\/2025\/01\/Windemere.webp)\" data-image-id=\"id^3942|url^https:\/\/belairbahamas.com\/wp-content\/uploads\/2025\/01\/Windemere.webp|caption^null|alt^null|title^Windemere|description^null\" data-ultimate-bg-style=\"vcpb-default\" data-bg-img-repeat=\"no-repeat\" data-bg-img-size=\"cover\" data-bg-img-position=\"\" data-parallx_sense=\"30\" data-bg-override=\"full\" data-bg_img_attach=\"scroll\" data-upb-overlay-color=\"\" data-upb-bg-animation=\"\" data-fadeout=\"\" data-bg-animation=\"left-animation\" data-bg-animation-type=\"h\" data-animation-repeat=\"repeat\" data-fadeout-percentage=\"30\" data-parallax-content=\"\" data-parallax-content-sense=\"30\" data-row-effect-mobile-disable=\"true\" data-img-parallax-mobile-disable=\"true\" data-rtl=\"false\"  data-custom-vc-row=\"\"  data-vc=\"8.7.2\"  data-is_old_vc=\"\"  data-theme-support=\"\"   data-overlay=\"false\" data-overlay-color=\"\" data-overlay-pattern=\"\" data-overlay-pattern-opacity=\"\" data-overlay-pattern-size=\"\"    ><\/div><div class=\"vc_row wpb_row vc_row-fluid dt-default\" style=\"margin-top: 0px;margin-bottom: 0px\"><div class=\"wpb_column vc_column_container vc_col-sm-2\"><div class=\"vc_column-inner\"><div class=\"wpb_wrapper\"><\/div><\/div><\/div><div class=\"wpb_column vc_column_container vc_col-sm-8\"><div class=\"vc_column-inner\"><div class=\"wpb_wrapper\"><div id=\"ultimate-heading-653469dc581fe1a40\" class=\"uvc-heading ult-adjust-bottom-margin ultimate-heading-653469dc581fe1a40 uvc-1071  uvc-heading-default-font-sizes\" data-hspacer=\"line_only\"  data-halign=\"center\" style=\"text-align:center\"><div class=\"uvc-main-heading ult-responsive\"  data-ultimate-target='.uvc-heading.ultimate-heading-653469dc581fe1a40 h1'  data-responsive-json-new='{\"font-size\":\"\",\"line-height\":\"\"}' ><h1 style=\"--font-weight:theme;margin-top:20px;margin-bottom:5px;\">Convertirse en Propietario<\/h1><\/div><div class=\"uvc-heading-spacer line_only\" style=\"topheight:1px;\"><span class=\"uvc-headings-line\" style=\"border-style:solid;border-bottom-width:1px;border-color:#A79F88;width:300px;\"><\/span><\/div><div class=\"uvc-sub-heading ult-responsive\"  data-ultimate-target='.uvc-heading.ultimate-heading-653469dc581fe1a40 .uvc-sub-heading '  data-responsive-json-new='{\"font-size\":\"\",\"line-height\":\"\"}'  style=\"font-weight:normal;font-style:normal;margin-top:8px;margin-bottom:15px;\">Los futuros propietarios de estas casas en venta en Eleuthera seleccionar\u00e1n primero su parcela ideal, creando los cimientos de la casa de sus sue\u00f1os. A continuaci\u00f3n, elegir\u00e1n entre nuestros <a href=\"https:\/\/belairbahamas.com\/es\/real-estate\/model-homes\/\">thoughtfully designed home plans<\/a>, featuring curated designs and furnishings. With this we ensure a seamless, enjoyable experience, making luxury island living effortlessly attainable.<\/div><\/div><\/div><\/div><\/div><div class=\"wpb_column vc_column_container vc_col-sm-2\"><div class=\"vc_column-inner\"><div class=\"wpb_wrapper\"><\/div><\/div><\/div><\/div><div class=\"vc_row wpb_row vc_row-fluid vc_custom_1738680079142 vc_row-o-content-top vc_row-flex\"><div class=\"wpb_column vc_column_container vc_col-sm-12\"><div class=\"vc_column-inner\"><div class=\"wpb_wrapper\"><div class=\"vc_row wpb_row vc_inner vc_row-fluid\"><div class=\"wpb_column vc_column_container vc_col-sm-6\"><div class=\"vc_column-inner\"><div class=\"wpb_wrapper\">\n\t<div  class=\"wpb_single_image wpb_content_element vc_align_center\">\n\t\t\n\t\t<figure class=\"wpb_wrapper vc_figure\">\n\t\t\t<div class=\"vc_single_image-wrapper vc_box_shadow  vc_box_border_grey\"><img decoding=\"async\" class=\"vc_single_image-img\" src=\"https:\/\/belairbahamas.com\/wp-content\/uploads\/2025\/01\/Sumai-1000x800.webp\" width=\"1000\" height=\"800\" alt=\"homes for sale eleuthera\" title=\"Sumai\" loading=\"lazy\"  data-dt-location=\"https:\/\/belairbahamas.com\/es\/real-estate\/becoming-an-owner\/sumai\/\" \/><\/div>\n\t\t<\/figure>\n\t<\/div>\n<\/div><\/div><\/div><div class=\"wpb_column vc_column_container vc_col-sm-6\"><div class=\"vc_column-inner vc_custom_1736442908210\"><div class=\"wpb_wrapper\"><div id=\"ultimate-heading-869769dc581fe2fa3\" class=\"uvc-heading ult-adjust-bottom-margin ultimate-heading-869769dc581fe2fa3 uvc-2662  uvc-heading-default-font-sizes\" data-hspacer=\"line_only\"  data-halign=\"right\" style=\"text-align:right\"><div class=\"uvc-main-heading ult-responsive\"  data-ultimate-target='.uvc-heading.ultimate-heading-869769dc581fe2fa3 h2'  data-responsive-json-new='{\"font-size\":\"\",\"line-height\":\"\"}' ><h2 style=\"font-family:&#039;EB Garamond&#039;;--font-weight:theme;margin-top:20px;margin-bottom:5px;\">Un Viaje Sin Interrupciones Hacia la Casa de Tus Sue\u00f1os en Bel Air Bahamas<\/h2><\/div><div class=\"uvc-heading-spacer line_only\" style=\"topheight:1px;\"><span class=\"uvc-headings-line\" style=\"border-style:solid;border-bottom-width:1px;border-color:#A79F88;width:autopx;\"><\/span><\/div><div class=\"uvc-sub-heading ult-responsive\"  data-ultimate-target='.uvc-heading.ultimate-heading-869769dc581fe2fa3 .uvc-sub-heading '  data-responsive-json-new='{\"font-size\":\"\",\"line-height\":\"\"}'  style=\"font-family:&#039;Montserrat&#039;;font-weight:normal;font-style:normal;margin-top:8px;margin-bottom:15px;\"><\/p>\n<p style=\"text-align: left;\">Nuestro equipo trabaja con los mejores constructores profesionales, fortaleciendo asociaciones a trav\u00e9s de d\u00e9cadas de colaboraci\u00f3n exitosa. Actuamos como su gestor de proyectos dedicado, supervisando cada detalle para garantizar una experiencia perfecta.<\/p>\n<p style=\"text-align: left;\">Desde la selecci\u00f3n de la parcela perfecta hasta la mudanza a la casa de sus sue\u00f1os, hacemos que el proceso sea sencillo. Con Bel Air Bahamas casas en venta en Eleuthera, ofrecemos lujo, comodidad, y una oportunidad de inversi\u00f3n inteligente.<\/p>\n<p style=\"text-align: left;\">Invertir en Bel Air Bahamas ofrece una fuerte revalorizaci\u00f3n del capital y un gran potencial de ingresos a trav\u00e9s de los alquileres. Los propietarios disfrutan de acceso exclusivo a servicios de primera clase, combinando la relajaci\u00f3n con el crecimiento financiero.<\/p>\n<p><\/div><\/div><\/div><\/div><\/div><\/div><\/div><\/div><\/div><\/div>\n<\/div>","protected":false},"excerpt":{"rendered":"<p>A Legacy of Luxury, Limited to 37 residencesBecoming an ownerFuture owners of this homes for sale in Eleuthera will first select their ideal plot, creating the foundation for their dream home. Next, they will choose from our thoughtfully designed home plans, featuring curated designs and furnishings. With this we ensure a seamless, enjoyable experience, making&hellip;<\/p>","protected":false},"author":4,"featured_media":0,"parent":3816,"menu_order":0,"comment_status":"closed","ping_status":"closed","template":"","meta":{"footnotes":""},"class_list":["post-3307","page","type-page","status-publish","hentry","description-off"],"yoast_head":"<!-- This site is optimized with the Yoast SEO Premium plugin v26.7 (Yoast SEO v27.3) - https:\/\/yoast.com\/product\/yoast-seo-premium-wordpress\/ -->\n<title>Homes for sale Eleuthera | Bel Air Bahamas luxury residences<\/title>\n<meta name=\"description\" content=\"Discover luxury homes for sale in Eleuthera at Bel Air Bahamas, offering elegant designs, breathtaking views, and world-class amenities.\" \/>\n<meta name=\"robots\" content=\"index, follow, max-snippet:-1, max-image-preview:large, max-video-preview:-1\" \/>\n<link rel=\"canonical\" href=\"https:\/\/belairbahamas.com\/es\/real-estate\/becoming-an-owner\/\" \/>\n<meta property=\"og:locale\" content=\"es_ES\" \/>\n<meta property=\"og:type\" content=\"article\" \/>\n<meta property=\"og:title\" content=\"Becoming an owner\" \/>\n<meta property=\"og:description\" content=\"Discover luxury homes for sale in Eleuthera at Bel Air Bahamas, offering elegant designs, breathtaking views, and world-class amenities.\" \/>\n<meta property=\"og:url\" content=\"https:\/\/belairbahamas.com\/es\/real-estate\/becoming-an-owner\/\" \/>\n<meta property=\"og:site_name\" content=\"Bel Air Bahamas\" \/>\n<meta property=\"article:modified_time\" content=\"2025-03-13T20:06:15+00:00\" \/>\n<meta name=\"twitter:card\" content=\"summary_large_image\" \/>\n<meta name=\"twitter:label1\" content=\"Tiempo de lectura\" \/>\n\t<meta name=\"twitter:data1\" content=\"2 minutos\" \/>\n<script type=\"application\/ld+json\" class=\"yoast-schema-graph\">{\"@context\":\"https:\\\/\\\/schema.org\",\"@graph\":[{\"@type\":\"WebPage\",\"@id\":\"https:\\\/\\\/belairbahamas.com\\\/real-estate\\\/becoming-an-owner\\\/\",\"url\":\"https:\\\/\\\/belairbahamas.com\\\/real-estate\\\/becoming-an-owner\\\/\",\"name\":\"Homes for sale Eleuthera | Bel Air Bahamas luxury residences\",\"isPartOf\":{\"@id\":\"https:\\\/\\\/belairbahamas.com\\\/#website\"},\"datePublished\":\"2025-01-09T21:02:04+00:00\",\"dateModified\":\"2025-03-13T20:06:15+00:00\",\"description\":\"Discover luxury homes for sale in Eleuthera at Bel Air Bahamas, offering elegant designs, breathtaking views, and world-class amenities.\",\"breadcrumb\":{\"@id\":\"https:\\\/\\\/belairbahamas.com\\\/real-estate\\\/becoming-an-owner\\\/#breadcrumb\"},\"inLanguage\":\"es\",\"potentialAction\":[{\"@type\":\"ReadAction\",\"target\":[\"https:\\\/\\\/belairbahamas.com\\\/real-estate\\\/becoming-an-owner\\\/\"]}]},{\"@type\":\"BreadcrumbList\",\"@id\":\"https:\\\/\\\/belairbahamas.com\\\/real-estate\\\/becoming-an-owner\\\/#breadcrumb\",\"itemListElement\":[{\"@type\":\"ListItem\",\"position\":1,\"name\":\"Home\",\"item\":\"https:\\\/\\\/belairbahamas.com\\\/\"},{\"@type\":\"ListItem\",\"position\":2,\"name\":\"Real Estate\",\"item\":\"https:\\\/\\\/belairbahamas.com\\\/real-estate\\\/\"},{\"@type\":\"ListItem\",\"position\":3,\"name\":\"Becoming an owner\"}]},{\"@type\":\"WebSite\",\"@id\":\"https:\\\/\\\/belairbahamas.com\\\/#website\",\"url\":\"https:\\\/\\\/belairbahamas.com\\\/\",\"name\":\"Bel Air Bahamas\",\"description\":\"Luxury Resort in Bahamas\",\"publisher\":{\"@id\":\"https:\\\/\\\/belairbahamas.com\\\/#organization\"},\"potentialAction\":[{\"@type\":\"SearchAction\",\"target\":{\"@type\":\"EntryPoint\",\"urlTemplate\":\"https:\\\/\\\/belairbahamas.com\\\/?s={search_term_string}\"},\"query-input\":{\"@type\":\"PropertyValueSpecification\",\"valueRequired\":true,\"valueName\":\"search_term_string\"}}],\"inLanguage\":\"es\"},{\"@type\":\"Organization\",\"@id\":\"https:\\\/\\\/belairbahamas.com\\\/#organization\",\"name\":\"Bel Air Bahamas\",\"url\":\"https:\\\/\\\/belairbahamas.com\\\/\",\"logo\":{\"@type\":\"ImageObject\",\"inLanguage\":\"es\",\"@id\":\"https:\\\/\\\/belairbahamas.com\\\/#\\\/schema\\\/logo\\\/image\\\/\",\"url\":\"https:\\\/\\\/belairbahamas.com\\\/wp-content\\\/uploads\\\/2022\\\/09\\\/BA-Bahamas-logo-250.png\",\"contentUrl\":\"https:\\\/\\\/belairbahamas.com\\\/wp-content\\\/uploads\\\/2022\\\/09\\\/BA-Bahamas-logo-250.png\",\"width\":250,\"height\":125,\"caption\":\"Bel Air Bahamas\"},\"image\":{\"@id\":\"https:\\\/\\\/belairbahamas.com\\\/#\\\/schema\\\/logo\\\/image\\\/\"}}]}<\/script>\n<!-- \/ Yoast SEO Premium plugin. -->","yoast_head_json":{"title":"Homes for sale Eleuthera | Bel Air Bahamas luxury residences","description":"Discover luxury homes for sale in Eleuthera at Bel Air Bahamas, offering elegant designs, breathtaking views, and world-class amenities.","robots":{"index":"index","follow":"follow","max-snippet":"max-snippet:-1","max-image-preview":"max-image-preview:large","max-video-preview":"max-video-preview:-1"},"canonical":"https:\/\/belairbahamas.com\/es\/real-estate\/becoming-an-owner\/","og_locale":"es_ES","og_type":"article","og_title":"Becoming an owner","og_description":"Discover luxury homes for sale in Eleuthera at Bel Air Bahamas, offering elegant designs, breathtaking views, and world-class amenities.","og_url":"https:\/\/belairbahamas.com\/es\/real-estate\/becoming-an-owner\/","og_site_name":"Bel Air Bahamas","article_modified_time":"2025-03-13T20:06:15+00:00","twitter_card":"summary_large_image","twitter_misc":{"Tiempo de lectura":"2 minutos"},"schema":{"@context":"https:\/\/schema.org","@graph":[{"@type":"WebPage","@id":"https:\/\/belairbahamas.com\/real-estate\/becoming-an-owner\/","url":"https:\/\/belairbahamas.com\/real-estate\/becoming-an-owner\/","name":"Homes for sale Eleuthera | Bel Air Bahamas luxury residences","isPartOf":{"@id":"https:\/\/belairbahamas.com\/#website"},"datePublished":"2025-01-09T21:02:04+00:00","dateModified":"2025-03-13T20:06:15+00:00","description":"Discover luxury homes for sale in Eleuthera at Bel Air Bahamas, offering elegant designs, breathtaking views, and world-class amenities.","breadcrumb":{"@id":"https:\/\/belairbahamas.com\/real-estate\/becoming-an-owner\/#breadcrumb"},"inLanguage":"es","potentialAction":[{"@type":"ReadAction","target":["https:\/\/belairbahamas.com\/real-estate\/becoming-an-owner\/"]}]},{"@type":"BreadcrumbList","@id":"https:\/\/belairbahamas.com\/real-estate\/becoming-an-owner\/#breadcrumb","itemListElement":[{"@type":"ListItem","position":1,"name":"Home","item":"https:\/\/belairbahamas.com\/"},{"@type":"ListItem","position":2,"name":"Real Estate","item":"https:\/\/belairbahamas.com\/real-estate\/"},{"@type":"ListItem","position":3,"name":"Becoming an owner"}]},{"@type":"WebSite","@id":"https:\/\/belairbahamas.com\/#website","url":"https:\/\/belairbahamas.com\/","name":"Bel Air Bahamas","description":"Luxury Resort in Bahamas","publisher":{"@id":"https:\/\/belairbahamas.com\/#organization"},"potentialAction":[{"@type":"SearchAction","target":{"@type":"EntryPoint","urlTemplate":"https:\/\/belairbahamas.com\/?s={search_term_string}"},"query-input":{"@type":"PropertyValueSpecification","valueRequired":true,"valueName":"search_term_string"}}],"inLanguage":"es"},{"@type":"Organization","@id":"https:\/\/belairbahamas.com\/#organization","name":"Bel Air Bahamas","url":"https:\/\/belairbahamas.com\/","logo":{"@type":"ImageObject","inLanguage":"es","@id":"https:\/\/belairbahamas.com\/#\/schema\/logo\/image\/","url":"https:\/\/belairbahamas.com\/wp-content\/uploads\/2022\/09\/BA-Bahamas-logo-250.png","contentUrl":"https:\/\/belairbahamas.com\/wp-content\/uploads\/2022\/09\/BA-Bahamas-logo-250.png","width":250,"height":125,"caption":"Bel Air Bahamas"},"image":{"@id":"https:\/\/belairbahamas.com\/#\/schema\/logo\/image\/"}}]}},"_links":{"self":[{"href":"https:\/\/belairbahamas.com\/es\/wp-json\/wp\/v2\/pages\/3307","targetHints":{"allow":["GET"]}}],"collection":[{"href":"https:\/\/belairbahamas.com\/es\/wp-json\/wp\/v2\/pages"}],"about":[{"href":"https:\/\/belairbahamas.com\/es\/wp-json\/wp\/v2\/types\/page"}],"author":[{"embeddable":true,"href":"https:\/\/belairbahamas.com\/es\/wp-json\/wp\/v2\/users\/4"}],"replies":[{"embeddable":true,"href":"https:\/\/belairbahamas.com\/es\/wp-json\/wp\/v2\/comments?post=3307"}],"version-history":[{"count":0,"href":"https:\/\/belairbahamas.com\/es\/wp-json\/wp\/v2\/pages\/3307\/revisions"}],"up":[{"embeddable":true,"href":"https:\/\/belairbahamas.com\/es\/wp-json\/wp\/v2\/pages\/3816"}],"wp:attachment":[{"href":"https:\/\/belairbahamas.com\/es\/wp-json\/wp\/v2\/media?parent=3307"}],"curies":[{"name":"wp","href":"https:\/\/api.w.org\/{rel}","templated":true}]}}